{"id":17380,"date":"2016-05-31T16:09:29","date_gmt":"2016-05-31T14:09:29","guid":{"rendered":"https:\/\/www.rivieradeifiori.it\/musees\/"},"modified":"2022-06-16T23:44:41","modified_gmt":"2022-06-16T21:44:41","slug":"musees","status":"publish","type":"page","link":"https:\/\/www.rivieradeifiori.it\/fr\/musees\/","title":{"rendered":"Mus\u00e9es"},"content":{"rendered":"<p>[et_pb_section fb_built=&#8221;1&#8243; admin_label=&#8221;section&#8221; _builder_version=&#8221;4.16&#8243; custom_margin=&#8221;-14px|||||&#8221; custom_padding=&#8221;4px|||||&#8221; global_colors_info=&#8221;{}&#8221;][et_pb_row admin_label=&#8221;row&#8221; _builder_version=&#8221;4.16&#8243; background_size=&#8221;initial&#8221; background_position=&#8221;top_left&#8221; background_repeat=&#8221;repeat&#8221; global_colors_info=&#8221;{}&#8221;][et_pb_column type=&#8221;4_4&#8243; _builder_version=&#8221;4.16&#8243; custom_padding=&#8221;|||&#8221; global_colors_info=&#8221;{}&#8221; custom_padding__hover=&#8221;|||&#8221;][et_pb_gallery gallery_ids=&#8221;12330,12326&#8243; show_title_and_caption=&#8221;off&#8221; show_pagination=&#8221;off&#8221; _builder_version=&#8221;4.17.4&#8243; _module_preset=&#8221;default&#8221; text_orientation=&#8221;center&#8221; custom_padding=&#8221;||20px|||&#8221; global_colors_info=&#8221;{}&#8221;][\/et_pb_gallery][et_pb_text admin_label=&#8221;Text&#8221; _builder_version=&#8221;4.17.4&#8243; background_size=&#8221;initial&#8221; background_position=&#8221;top_left&#8221; background_repeat=&#8221;repeat&#8221; global_colors_info=&#8221;{}&#8221;]<\/p>\n<p><b><\/b><\/p>\n<p><b><\/b><\/p>\n<h2><b>Museums \/ Mus\u00e9es \/ Museen \/ \u041c\u0443\u0437\u0435\u0438 &#8211; Riviera dei Fiori :<\/b><\/h2>\n<p><b><\/b><\/p>\n<h2><a href=\"https:\/\/www.rivieradeifiori.it\/principe\/\">Airole &#8211; A5<\/a><\/h2>\n<p><strong>Mus\u00e9e du p\u00e9trole et de la civilisation rurale<\/strong><br \/>Ouverture &#8211; jours d&#8217;\u00e9v\u00e9nements et sur rendez-vous<br \/>Pour plus d&#8217;informations : +39 0184 200027<br \/>Acc\u00e8s : gratuit<\/p>\n<h2><a href=\"\/?p=1008\">Bajardo &#8211; C4<\/a><\/h2>\n<p><strong>Galerie d&#8217;art civique<\/strong><br \/>Municipalit\u00e9 de Bajardo, Via Roma &#8211; T\u00e9l\u00e9phone : +39 0184 673054<br \/>Acc\u00e8s : gratuit<\/p>\n<h2><a href=\"\/?p=1008\">Bordighera &#8211; B6<\/a><\/h2>\n<p><strong>Villa Pompeo Mariani<\/strong><br \/>Via Fontana Vecchia, 5-7 &#8211; T\u00e9l\u00e9phone : +39 0184 265556<\/p>\n<p><strong>Mus\u00e9e-biblioth\u00e8que de Clarence Bicknell<\/strong><br \/>Via Romana, 39 &#8211; T\u00e9l\u00e9phone : +39 0184 263601<br \/>Lun 9 &#8211; 17 h ; mer 9 &#8211; 13 h ; me 9 &#8211; 17 h ; jeu 9 &#8211; 13 h ; ven ferm\u00e9 ; sa 1 &#8211; 17 h.<br \/>Fermez-la. &#8211; Acc\u00e8s : payant<\/p>\n<h2><a href=\"https:\/\/www.rivieradeifiori.it\/fr\/que-faire\/les-jardins-de-sir-thomas-hanbury-un-paradis-de-parfums-et-de-couleurs\/attachment\/gbh_mausoleo_moresco-copia\/\">Carpasio &#8211; E3<\/a><\/h2>\n<p><strong>Mus\u00e9e des Partisans<\/strong><br \/>Ouvert : d&#8217;avril \u00e0 octobre, les samedis\/dimanches et jours f\u00e9ri\u00e9s, de 9 h \u00e0 18 h (en semaine, sur rendez-vous).<br \/>Pour la r\u00e9servation des visites de groupe et l&#8217;accompagnement \u00e9ventuel :<br \/>Secr\u00e9tariat de l&#8217;Institut historique de la R\u00e9sistance et de l&#8217;\u00e9poque contemporaine<br \/>+39 0183 650755. &#8211; Acc\u00e8s : gratuit<\/p>\n<h2><a href=\"https:\/\/www.rivieradeifiori.it\/fr\/que-faire\/les-jardins-de-sir-thomas-hanbury-un-paradis-de-parfums-et-de-couleurs\/attachment\/gbh_mausoleo_moresco-copia\/\">Cervo &#8211; G4<\/a><\/h2>\n<p><b>Centre mus\u00e9al &#8220;Ch\u00e2teau de Clavesana<br \/><\/b><b>Mus\u00e9e ethnographique de Ligurie occidentale Franco Ferrero et exposition permanente &#8220;Femmes de Ligurie &#8211; Un si\u00e8cle d&#8217;histoire 1850-1950&#8221;.<\/b><br \/>Heures d&#8217;ouverture.<br \/>Hiver : du mardi au samedi de 10h00 \u00e0 13h00 et de 15h00 \u00e0 18h00.<br \/>Dimanches et jours f\u00e9ri\u00e9s de 9h00 \u00e0 12h00 et de 15h00 \u00e0 18h00 &#8211; FERM\u00c9 le lundi.<br \/>\u00c9t\u00e9 : du mardi au samedi de 10 h \u00e0 13 h et de 18 h \u00e0 23 h.<br \/>Dimanches et jours f\u00e9ri\u00e9s de 9h00 \u00e0 12h00 et de 18h00 \u00e0 23h00.<\/p>\n<h2><a href=\"https:\/\/www.rivieradeifiori.it\/washington\/\">Dolceacqua &#8211; B5<\/a><\/h2>\n<p><strong>Castello Doria<\/strong><br \/>Rue du Ch\u00e2teau<br \/>Heures d&#8217;ouverture : mardi-dimanche 10-16h30 ; lundi ferm\u00e9<br \/>Acc\u00e8s : payant<\/p>\n<h2><a href=\"\/?p=177\">Imperia &#8211; F4<\/a><\/h2>\n<p><strong>Collection M.A.C.I. Villa Faravelli Invernizzi<\/strong><br \/>Viale Matteotti, 151<br \/>T\u00e9l\u00e9phone Villa Faranelli : +39 0183 297927<br \/>Horaire d&#8217;\u00e9t\u00e9 1\/6 &#8211; 30\/9<br \/>Jeudi, vendredi et dimanche 16:30-19:30<br \/>Samedi 10-13 &#8211; 16:30-19:30<br \/>Horaire d&#8217;hiver : 1\/10-31\/5<br \/>Vendredi et dimanche 16-19 &#8211; Samedi 10-13 &#8211; 16-19<br \/>Acc\u00e8s : payant<\/p>\n<p><strong>Mus\u00e9e central de l&#8217;Institut historique de la R\u00e9sistance<\/strong><br \/>Adresse : Via Felice Cascione &#8211; T\u00e9l\u00e9phone : +39 0183 650755<br \/>Heures d&#8217;ouverture : ouvert tous les jours, du lundi au vendredi, de 9 \u00e0 12 h 30.<br \/>Acc\u00e8s : gratuit<\/p>\n<p><strong>Mus\u00e9e de la communication &#8211; Voix dans l&#8217;\u00e9ther<\/strong><br \/>Salita Garzini, 5 | Frazione Oliveto<br \/>Horaires : le samedi de 10 h \u00e0 12 h ou sur rendez-vous :<\/p>\n<p><strong>Mus\u00e9e de la Fraternit\u00e9<\/strong><br \/>Piazza Monte Calvario, Sanctuaire de la Sainte-Croix<br \/>T\u00e9l\u00e9phone : +39 339 8861464<br \/>Heures d&#8217;ouverture : tous les premiers dimanches du mois de 10h00 \u00e0 12h00 ou sur rendez-vous. &#8211; Acc\u00e8s : gratuit<\/p>\n<p><strong>Mus\u00e9e naval &#8211; La cit\u00e9 des marins et Plan\u00e9tarium<\/strong><br \/>Via Scarincio, 9 &#8211; T\u00e9l\u00e9phone : +39 0183 651541<br \/>Horaire d&#8217;hiver : 1\/9-30\/6<br \/>Mardi de 9 h 30 \u00e0 11 h 30 (\u00e9coles ou sur r\u00e9servation pour les groupes de 20 personnes).<br \/>Jeudi et samedi 15:30 &#8211; 19:30<br \/>Horaire d&#8217;\u00e9t\u00e9 1\/7 &#8211; 31\/8<br \/>Mardi de 9 h 30 \u00e0 11 h 30 (\u00e9coles ou sur r\u00e9servation pour les groupes de 20 personnes).<br \/>Jeudi et vendredi et samedi 18:30 &#8211; 22:30<br \/>Acc\u00e8s : payant<\/p>\n<p><strong>Mus\u00e9e de l&#8217;Olivier C. Carli<\/strong><br \/>Via Garessio, 13 &#8211; T\u00e9l\u00e9phone : +39 0183 295762<br \/>Heures d&#8217;ouverture : 09-12:30, 15-18:30 &#8211; Dimanche ferm\u00e9<br \/>Acc\u00e8s : payant<\/p>\n<p><strong>Villa Grock &#8211; Mus\u00e9e du clown<\/strong><br \/>Via Fanny Roncati Carli,<br \/>Heures d&#8217;ouverture : tous les lundis de 15h \u00e0 18h ; ou sur rendez-vous pour les groupes d&#8217;au moins 10 personnes.<br \/>Acc\u00e8s : payant<\/p>\n<h2><a href=\"https:\/\/www.rivieradeifiori.it\/fr\/mer-et-territoire\/aux-origines-de-la-riviera-des-fleurs\/attachment\/010\/\">Lucinasco &#8211; F3<\/a><\/h2>\n<p><strong>Mus\u00e9e d&#8217;art sacr\u00e9 &#8220;L. Acquarone&#8221;.<\/strong><\/p>\n<h2><a href=\"https:\/\/www.rivieradeifiori.it\/fr\/que-faire\/les-jardins-de-sir-thomas-hanbury-un-paradis-de-parfums-et-de-couleurs\/attachment\/museo-erbario\/\">Mendatica &#8211; D2<\/a><\/h2>\n<p><strong>Exposition cartographique<\/strong><br \/>Via Campo Sportivo, 1 &#8211; T\u00e9l\u00e9phone : 0183 328713<br \/>Mus\u00e9e historique et ethnographique des Alpes liguriennes<br \/>Via Papa Giovanni XXIII &#8211; T\u00e9l. +39 0183 328713<\/p>\n<h2><a href=\"\/?p=1210\">Perinaldo &#8211; B5<\/a><\/h2>\n<p>Mus\u00e9e G. D. Cassini<br \/>Piazzale Sant&#8217;Antonio, 1 &#8211; T\u00e9l. +39 348 5520554<\/p>\n<h2><a href=\"https:\/\/www.rivieradeifiori.it\/fr\/mer-et-territoire\/le-sanctuaire-pelagos\/attachment\/fin-whale1_s-airoldi_tethys\/\">Pietrabruna &#8211; E4<\/a><\/h2>\n<p>Mus\u00e9e Giuseppina Guasco<br \/>Pour visiter le mus\u00e9e, allez \u00e0 Via Capitan Ranise, 3.<\/p>\n<h2><a href=\"https:\/\/www.rivieradeifiori.it\/del-mar\/\">Pieve di Teco &#8211; E2<\/a><\/h2>\n<p>Mus\u00e9e d&#8217;art sacr\u00e9<br \/>Via Eula snc &#8211; T\u00e9l\u00e9phone : +39 0183 36313<\/p>\n<h2><a href=\"https:\/\/www.rivieradeifiori.it\/fr\/que-faire\/les-jardins-de-sir-thomas-hanbury-un-paradis-de-parfums-et-de-couleurs\/attachment\/museo-erbario\/\">Rezzo &#8211; E2<\/a><\/h2>\n<p><strong>Routes en pierre<\/strong><br \/>Via Canada 5 &#8211; T\u00e9l\u00e9phone : +39 0183 34015<\/p>\n<h2><a href=\"https:\/\/www.rivieradeifiori.it\/fr\/mer-et-territoire\/le-sanctuaire-pelagos\/attachment\/mobula-mobular_a-scuderi_tethys_1\/\">SanRemo &#8211; D6<\/a><\/h2>\n<p>Floriseum &#8211; Mus\u00e9e des fleurs de Sanremo<br \/>Corso Cavallotti 113, \u00e0 l&#8217;int\u00e9rieur de la Villa Ormond Park<br \/>Heures d&#8217;ouverture : mardi-dimanche : 10h00-12h30, 16h00-18h30, lundi<br \/>ferm\u00e9. Acc\u00e8s : payant<\/p>\n<p><strong>Mus\u00e9e de la ville (Palais Nota)<\/strong><br \/>Piazza Alberto Nota, 2 &#8211; T\u00e9l. 328 5304665<br \/>Heures d&#8217;ouverture : mardi-samedi 8h30-18h30 (derni\u00e8re entr\u00e9e \u00e0 18h) ; lundi<br \/>et dimanche ferm\u00e9. Acc\u00e8s : payant<\/p>\n<p><strong>Galerie d&#8217;art et biblioth\u00e8que &#8220;Rambaldi<\/strong><br \/>Via Rambaldi &#8211; T\u00e9l\u00e9phone : +39 0184 670398<br \/>Horaires du 18 juin au 11 septembre 2022 : samedi et dimanche de 16h00 \u00e0 22h00.<br \/>Acc\u00e8s : payant<\/p>\n<p><strong>Villa Nobel<\/strong><br \/>Corso Felice Cavallotti, 116 &#8211; T\u00e9l\u00e9phone : +39 0184 501017<br \/>Acc\u00e8s : payant<\/p>\n<h2><a href=\"\/?p=1267\">Seborga &#8211; C5<\/a><\/h2>\n<p><strong>Mus\u00e9e des instruments de musique<\/strong><br \/>T\u00e9l\u00e9phone : +39 0184 223622<br \/>Heures d&#8217;ouverture : du mardi au dimanche de 10 h \u00e0 13 h, de 14 h 30 \u00e0 18 h.<br \/>Acc\u00e8s : offre gratuite<\/p>\n<h2>Riva Ligure &#8211; E5<\/h2>\n<p><strong>SEM &#8211; Espace d&#8217;exposition multim\u00e9dia<\/strong><br \/>Via Nino Bixio, 15<br \/>Horaires : dimanche : 9h30-12h30, 15h30-19h.<br \/>Acc\u00e8s : payant<\/p>\n<h2><a href=\"\/?p=286\">Taggia &#8211; D5<\/a><\/h2>\n<p><strong>Mus\u00e9e de San Domenico<\/strong><br \/>Piazza S. Cristoforo, 6 &#8211; T\u00e9l\u00e9phone : +39 0184 477278<br \/>Heures d&#8217;ouverture : mardi &#8211; dimanche 9:00-11:30, 15:00-17:30, lundi<br \/>ferm\u00e9. Acc\u00e8s : offre gratuite<\/p>\n<h2><a href=\"https:\/\/www.rivieradeifiori.it\/varase\/\">Triora &#8211; C3<\/a><\/h2>\n<p><strong>Mus\u00e9e ethnographique et de la sorcellerie<\/strong><br \/>Corso Italia, 1, &#8211; T\u00e9l\u00e9phone : +39 0184 94049<br \/>Heures d&#8217;ouverture : 1\/10-31\/3 tous les jours de 14h30 \u00e0 18h00, samedi-dimanche et dimanche.<br \/>vacances \u00e9galement le matin 10h30-12h00<br \/>1\/4-30\/6 tous les jours 15:00-18:30, samedi-dimanche et jours f\u00e9ri\u00e9s \u00e9galement le matin 10:30-12:00<br \/>1\/6-30\/9 tous les jours 10h30-12h00, 15h00-18h30<br \/>\u00c0 diff\u00e9rents moments sur rendez-vous &#8211; Acc\u00e8s : payant<\/p>\n<h2><a href=\"https:\/\/www.rivieradeifiori.it\/moresco\/\">Vallecrosia &#8211; B6<\/a><\/h2>\n<p><strong>Mus\u00e9e de la chanson et de la reproduction du son &#8211; Erio Tripodi<\/strong><br \/>Via Roma, 108 &#8211; T\u00e9l\u00e9phone : +39 0184 291000<\/p>\n<h2><a href=\"\/?p=96\">Ventimiglia &#8211; B6<\/a><\/h2>\n<p><strong>Zone arch\u00e9ologique de Nervia<\/strong><br \/>Corso Genova 134, t\u00e9l. +390184\/252320, horaires d&#8217;ouverture du jeudi au dimanche.<br \/>09.00\/18.00. Dur\u00e9e de la visite : 1h30, prix d&#8217;entr\u00e9e.<\/p>\n<p><strong>Jardins botaniques de Hanbury<\/strong><br \/>Corso Montecarlo, 43 &#8211; T\u00e9l. +39 0184 229507<br \/>Heures d&#8217;ouverture : Printemps\/Automne (1\/3-15\/6 ; 16\/9-15\/10) : 9h30-17h avec sortie \u00e0 18h.<br \/>\u00c9t\u00e9 (16\/6-15\/9) : 9h30-18h avec sortie \u00e0 19h.<br \/>Hiver (16\/10-28\/2) 9 h 30 &#8211; 16 h 00 avec sortie \u00e0 17 h 00.<br \/>Ferm\u00e9 le lundi. Ferm\u00e9 du 01\/11 au 28\/02<br \/>Dur\u00e9e de la visite : 1h\/1h30 minimum &#8211; Acc\u00e8s : payant<\/p>\n<p><strong>Mus\u00e9e pr\u00e9historique Balzi Rossi<\/strong><br \/>Via dei Balzi Rossi, 9 &#8211; T\u00e9l\u00e9phone : +39 0184 38113<br \/>Ferm\u00e9 le lundi. Ouvert toute l&#8217;ann\u00e9e du mardi au dimanche de 8h30 \u00e0 19h30.<br \/>Dur\u00e9e de la visite : 1h\/1h30 minimum &#8211; Acc\u00e8s : payant<\/p>\n<p><strong>MAR Mus\u00e9e arch\u00e9ologique Girolamo Rossi<\/strong><br \/>Via Verdi, 41 &#8211; T\u00e9l\u00e9phone : +39 0184 351181<br \/>Horaire :<br \/>Hiver : mardi, mercredi, jeudi et samedi de 9h00 \u00e0 12h30\/15h00 \u00e0 17h00 ; vendredi de 9h00 \u00e0 12h30 ; premier et troisi\u00e8me dimanche.<br \/>du mois : 10 h &#8211; 12 h 30 &#8211; Fermeture hebdomadaire : Lundi &#8211;<br \/>\u00c9t\u00e9 (1\/7-31\/8) : mardi, mercredi et jeudi 9:00-12:30\/15:00- 17:00 ; vendredi : 9:00-12:30 et 21:00-23:00 ; samedi : 9:00-12:30 ; dimanche : 21:00-23:00 ; fermeture hebdomadaire : lundi.<br \/>Acc\u00e8s : payant<\/p>\n<p>[\/et_pb_text][\/et_pb_column][\/et_pb_row][\/et_pb_section]<\/p>\n","protected":false},"excerpt":{"rendered":"<p>Museums \/ Mus\u00e9es \/ Museen \/ \u041c\u0443\u0437\u0435\u0438 &#8211; Riviera dei Fiori : Airole &#8211; A5 Mus\u00e9e du p\u00e9trole et de la civilisation ruraleOuverture &#8211; jours d&#8217;\u00e9v\u00e9nements et sur rendez-vousPour plus d&#8217;informations : +39 0184 200027Acc\u00e8s : gratuit Bajardo &#8211; C4 Galerie d&#8217;art civiqueMunicipalit\u00e9 de Bajardo, Via Roma &#8211; T\u00e9l\u00e9phone : +39 0184 673054Acc\u00e8s : gratuit [&hellip;]<\/p>\n","protected":false},"author":1,"featured_media":0,"parent":0,"menu_order":0,"comment_status":"closed","ping_status":"closed","template":"","meta":{"_et_pb_use_builder":"on","_et_pb_old_content":"","_et_gb_content_width":"","_eb_attr":"","_vp_format_video_url":"","_vp_image_focal_point":[],"_vp_custom_popup_image":0,"_vp_format_audio_url":"","_vp_custom_thumbnail":0,"_vp_custom_thumbnail_focal_point":[],"_vp_hover_thumbnail":0,"_vp_hover_thumbnail_focal_point":[],"footnotes":""},"class_list":["post-17380","page","type-page","status-publish","hentry"],"yoast_head":"<!-- This site is optimized with the Yoast SEO plugin v25.7 - https:\/\/yoast.com\/wordpress\/plugins\/seo\/ -->\n<title>Mus\u00e9es - Riviera dei Fiori<\/title>\n<meta name=\"robots\" content=\"index, follow, max-snippet:-1, max-image-preview:large, max-video-preview:-1\" \/>\n<link rel=\"canonical\" href=\"https:\/\/www.rivieradeifiori.it\/fr\/musees\/\" \/>\n<meta name=\"twitter:label1\" content=\"Dur\u00e9e de lecture estim\u00e9e\" \/>\n\t<meta name=\"twitter:data1\" content=\"6 minutes\" \/>\n<script type=\"application\/ld+json\" class=\"yoast-schema-graph\">{\"@context\":\"https:\/\/schema.org\",\"@graph\":[{\"@type\":\"WebPage\",\"@id\":\"https:\/\/www.rivieradeifiori.it\/fr\/musees\/\",\"url\":\"https:\/\/www.rivieradeifiori.it\/fr\/musees\/\",\"name\":\"Mus\u00e9es - Riviera dei Fiori\",\"isPartOf\":{\"@id\":\"https:\/\/www.rivieradeifiori.it\/fr\/#website\"},\"datePublished\":\"2016-05-31T14:09:29+00:00\",\"dateModified\":\"2022-06-16T21:44:41+00:00\",\"breadcrumb\":{\"@id\":\"https:\/\/www.rivieradeifiori.it\/fr\/musees\/#breadcrumb\"},\"inLanguage\":\"fr-FR\",\"potentialAction\":[{\"@type\":\"ReadAction\",\"target\":[\"https:\/\/www.rivieradeifiori.it\/fr\/musees\/\"]}]},{\"@type\":\"BreadcrumbList\",\"@id\":\"https:\/\/www.rivieradeifiori.it\/fr\/musees\/#breadcrumb\",\"itemListElement\":[{\"@type\":\"ListItem\",\"position\":1,\"name\":\"Home\",\"item\":\"https:\/\/www.rivieradeifiori.it\/fr\/\"},{\"@type\":\"ListItem\",\"position\":2,\"name\":\"Mus\u00e9es\"}]},{\"@type\":\"WebSite\",\"@id\":\"https:\/\/www.rivieradeifiori.it\/fr\/#website\",\"url\":\"https:\/\/www.rivieradeifiori.it\/fr\/\",\"name\":\"Riviera dei Fiori\",\"description\":\"Un mare di colori\",\"potentialAction\":[{\"@type\":\"SearchAction\",\"target\":{\"@type\":\"EntryPoint\",\"urlTemplate\":\"https:\/\/www.rivieradeifiori.it\/fr\/?s={search_term_string}\"},\"query-input\":{\"@type\":\"PropertyValueSpecification\",\"valueRequired\":true,\"valueName\":\"search_term_string\"}}],\"inLanguage\":\"fr-FR\"}]}<\/script>\n<!-- \/ Yoast SEO plugin. -->","yoast_head_json":{"title":"Mus\u00e9es - Riviera dei Fiori","robots":{"index":"index","follow":"follow","max-snippet":"max-snippet:-1","max-image-preview":"max-image-preview:large","max-video-preview":"max-video-preview:-1"},"canonical":"https:\/\/www.rivieradeifiori.it\/fr\/musees\/","twitter_misc":{"Dur\u00e9e de lecture estim\u00e9e":"6 minutes"},"schema":{"@context":"https:\/\/schema.org","@graph":[{"@type":"WebPage","@id":"https:\/\/www.rivieradeifiori.it\/fr\/musees\/","url":"https:\/\/www.rivieradeifiori.it\/fr\/musees\/","name":"Mus\u00e9es - Riviera dei Fiori","isPartOf":{"@id":"https:\/\/www.rivieradeifiori.it\/fr\/#website"},"datePublished":"2016-05-31T14:09:29+00:00","dateModified":"2022-06-16T21:44:41+00:00","breadcrumb":{"@id":"https:\/\/www.rivieradeifiori.it\/fr\/musees\/#breadcrumb"},"inLanguage":"fr-FR","potentialAction":[{"@type":"ReadAction","target":["https:\/\/www.rivieradeifiori.it\/fr\/musees\/"]}]},{"@type":"BreadcrumbList","@id":"https:\/\/www.rivieradeifiori.it\/fr\/musees\/#breadcrumb","itemListElement":[{"@type":"ListItem","position":1,"name":"Home","item":"https:\/\/www.rivieradeifiori.it\/fr\/"},{"@type":"ListItem","position":2,"name":"Mus\u00e9es"}]},{"@type":"WebSite","@id":"https:\/\/www.rivieradeifiori.it\/fr\/#website","url":"https:\/\/www.rivieradeifiori.it\/fr\/","name":"Riviera dei Fiori","description":"Un mare di colori","potentialAction":[{"@type":"SearchAction","target":{"@type":"EntryPoint","urlTemplate":"https:\/\/www.rivieradeifiori.it\/fr\/?s={search_term_string}"},"query-input":{"@type":"PropertyValueSpecification","valueRequired":true,"valueName":"search_term_string"}}],"inLanguage":"fr-FR"}]}},"_links":{"self":[{"href":"https:\/\/www.rivieradeifiori.it\/fr\/wp-json\/wp\/v2\/pages\/17380","targetHints":{"allow":["GET"]}}],"collection":[{"href":"https:\/\/www.rivieradeifiori.it\/fr\/wp-json\/wp\/v2\/pages"}],"about":[{"href":"https:\/\/www.rivieradeifiori.it\/fr\/wp-json\/wp\/v2\/types\/page"}],"author":[{"embeddable":true,"href":"https:\/\/www.rivieradeifiori.it\/fr\/wp-json\/wp\/v2\/users\/1"}],"replies":[{"embeddable":true,"href":"https:\/\/www.rivieradeifiori.it\/fr\/wp-json\/wp\/v2\/comments?post=17380"}],"version-history":[{"count":3,"href":"https:\/\/www.rivieradeifiori.it\/fr\/wp-json\/wp\/v2\/pages\/17380\/revisions"}],"predecessor-version":[{"id":17383,"href":"https:\/\/www.rivieradeifiori.it\/fr\/wp-json\/wp\/v2\/pages\/17380\/revisions\/17383"}],"wp:attachment":[{"href":"https:\/\/www.rivieradeifiori.it\/fr\/wp-json\/wp\/v2\/media?parent=17380"}],"curies":[{"name":"wp","href":"https:\/\/api.w.org\/{rel}","templated":true}]}}