{"id":15669,"date":"2022-06-09T01:14:08","date_gmt":"2022-06-08T23:14:08","guid":{"rendered":"https:\/\/www.rivieradeifiori.it\/port-de-plaisance\/"},"modified":"2022-06-09T01:34:23","modified_gmt":"2022-06-08T23:34:23","slug":"port-de-plaisance","status":"publish","type":"page","link":"https:\/\/www.rivieradeifiori.it\/fr\/port-de-plaisance\/","title":{"rendered":"Port de Plaisance"},"content":{"rendered":"<p>[et_pb_section fb_built=&#8221;1&#8243; theme_builder_area=&#8221;post_content&#8221; _builder_version=&#8221;4.17.4&#8243; _module_preset=&#8221;default&#8221; custom_padding=&#8221;5px|||||&#8221; custom_margin=&#8221;-24px|||||&#8221;][et_pb_row _builder_version=&#8221;4.17.4&#8243; _module_preset=&#8221;default&#8221; theme_builder_area=&#8221;post_content&#8221;][et_pb_column _builder_version=&#8221;4.17.4&#8243; _module_preset=&#8221;default&#8221; type=&#8221;4_4&#8243; theme_builder_area=&#8221;post_content&#8221;][et_pb_gallery _builder_version=&#8221;4.17.4&#8243; _module_preset=&#8221;default&#8221; theme_builder_area=&#8221;post_content&#8221; gallery_ids=&#8221;12330,12326&#8243; hover_enabled=&#8221;0&#8243; sticky_enabled=&#8221;0&#8243; show_pagination=&#8221;off&#8221; show_title_and_caption=&#8221;off&#8221; text_orientation=&#8221;center&#8221; title_text_align=&#8221;center&#8221;][\/et_pb_gallery][\/et_pb_column][\/et_pb_row][et_pb_row _builder_version=&#8221;4.17.4&#8243; _module_preset=&#8221;default&#8221; theme_builder_area=&#8221;post_content&#8221; column_structure=&#8221;1_2,1_2&#8243; hover_enabled=&#8221;0&#8243; sticky_enabled=&#8221;0&#8243;][et_pb_column _builder_version=&#8221;4.17.4&#8243; _module_preset=&#8221;default&#8221; type=&#8221;1_2&#8243; theme_builder_area=&#8221;post_content&#8221; custom_padding=&#8221;|10px|||false|false&#8221; hover_enabled=&#8221;0&#8243; sticky_enabled=&#8221;0&#8243;][et_pb_blurb title=&#8221;Porto Cala del Forte (B6)&#8221; image=&#8221;https:\/\/www.rivieradeifiori.it\/wp-content\/uploads\/2022\/05\/Cala-del-Forte_render-scaled-1.jpg&#8221; _builder_version=&#8221;4.17.4&#8243; _module_preset=&#8221;default&#8221; theme_builder_area=&#8221;post_content&#8221; title_text=&#8221;Porto Cala del Forte &#8211; Ventimiglia&#8221; hover_enabled=&#8221;0&#8243; sticky_enabled=&#8221;0&#8243; image_icon_width=&#8221;70%&#8221;]<\/p>\n<p style=\"text-align: center;\"><strong><a href=\"http:\/\/www.caladelforte-ventimiglia.it\" target=\"_blank\" rel=\"noopener noreferrer\">www.caladelforte-ventimiglia.it<\/a><\/strong><\/p>\n<p style=\"text-align: left;\"><strong>Services<\/strong>: Carburant, eau, \u00e9lectricit\u00e9, toilettes, douches, service de lutte contre l&#8217;incendie, services m\u00e9t\u00e9orologiques, amarrages, gardiennage, plongeurs, bars, restaurants et magasins.<br \/><strong>Adresse<\/strong>: Passeggiata Marconi 13 &#8211; Vintimille (IM)<br \/><strong>Coordonn\u00e9es<\/strong>: 43\u00b0 47&#8242; 18&#8221; N &#8211; 7\u00b0 36&#8242; 14&#8221; E<br \/><strong>Couchettes<\/strong>: 323<br \/><strong>Tirant d&#8217;eau<\/strong>: 0,5 \u00e0 4 m<br \/><strong>VHF<\/strong>: canal\/canal 16<br \/><strong>T\u00e9l<\/strong>: +39 0184 33109<br \/><strong>Courrier<\/strong>: info@caladelforte-ventimiglia.it<\/p>\n<p>[\/et_pb_blurb][\/et_pb_column][et_pb_column _builder_version=&#8221;4.17.4&#8243; _module_preset=&#8221;default&#8221; type=&#8221;1_2&#8243; theme_builder_area=&#8221;post_content&#8221;][et_pb_blurb title=&#8221;Port de Bordighera (C6)&#8221; image=&#8221;https:\/\/www.rivieradeifiori.it\/wp-content\/uploads\/2022\/05\/Bordighera_porto.jpg&#8221; _builder_version=&#8221;4.17.4&#8243; _module_preset=&#8221;default&#8221; theme_builder_area=&#8221;post_content&#8221; title_text=&#8221;Porto di Bordighera&#8221; module_alignment=&#8221;center&#8221; hover_enabled=&#8221;0&#8243; sticky_enabled=&#8221;0&#8243; image_icon_width=&#8221;70%&#8221;]<\/p>\n<p><strong>Installations<\/strong>: eau, \u00e9lectricit\u00e9, toilettes, douches, cale de mise \u00e0 l&#8217;eau, service m\u00e9t\u00e9o (en cours de r\u00e9paration). Services priv\u00e9s : grues de halage\/d\u00e9collage, r\u00e9paration de moteurs, r\u00e9parations \u00e9lectriques, plongeurs.<br \/><strong>Carburant<\/strong>: \u00e0 environ 250 m\u00e8tres du port &#8211;<br \/><strong>Interdictions<\/strong>: acc\u00e8s aux unit\u00e9s de plus de 16 m\u00e8tres<br \/><strong>O\u00f9<\/strong>: via Marinai d&#8217;Italia, 18012 Bordighera &#8211; Coordonn\u00e9es 43\u00b0 46&#8242; 47&#8221; N &#8211; 7\u00b0 40&#8242; 33&#8221; E<br \/><strong>Postes d&#8217;amarrage<\/strong>: 233 dont 21 de p\u00eache professionnelle<br \/><strong>Tirant d&#8217;eau<\/strong>: 2,5 m (bouche) actuellement partiellement envas\u00e9 avec un minimum de moins de 1,50 M \u00e0 droite et \u00e0 gauche 1,9 &#8211; 4 M (int\u00e9rieur)<br \/><strong>VHF :<\/strong> canal 16 (actuellement en maintenance)<br \/><strong>T\u00e9l<\/strong>. : capitainerie\/bureau de plage 0184 265656<\/p>\n<p>[\/et_pb_blurb][\/et_pb_column][\/et_pb_row][et_pb_row _builder_version=&#8221;4.17.4&#8243; _module_preset=&#8221;default&#8221; theme_builder_area=&#8221;post_content&#8221; column_structure=&#8221;1_2,1_2&#8243; hover_enabled=&#8221;0&#8243; sticky_enabled=&#8221;0&#8243;][et_pb_column _builder_version=&#8221;4.17.4&#8243; _module_preset=&#8221;default&#8221; type=&#8221;1_2&#8243; theme_builder_area=&#8221;post_content&#8221; custom_padding=&#8221;|10px|||false|false&#8221; hover_enabled=&#8221;0&#8243; sticky_enabled=&#8221;0&#8243;][et_pb_blurb title=&#8221;Porto Pubblico Di Sanremo (D6)&#8221; image=&#8221;https:\/\/www.rivieradeifiori.it\/wp-content\/uploads\/2022\/05\/Porto_Pubblico_Guida.jpg&#8221; _builder_version=&#8221;4.17.4&#8243; _module_preset=&#8221;default&#8221; theme_builder_area=&#8221;post_content&#8221; title_text=&#8221;Porto Pubblico Sanremo &#8211; Sanremo&#8221; hover_enabled=&#8221;0&#8243; sticky_enabled=&#8221;0&#8243; image_icon_width=&#8221;70%&#8221;]<\/p>\n<p><strong>Services<\/strong>: Eau, \u00e9lectricit\u00e9, cale de halage, \u00e9chelle de halage, grue, toilettes, service d&#8217;incendie, r\u00e9paration des moteurs, r\u00e9parations \u00e9lectriques, services m\u00e9t\u00e9orologiques.<br \/><strong>Adresse<\/strong>: Corso Nazario Sauro snc &#8211; 18038 Sanremo (IM)<br \/><strong>Coordonn\u00e9es<\/strong>: 43\u00b0 48&#8242; 56&#8221; N &#8211; 7\u00b0 46&#8242; 54&#8221; E<br \/><strong>Couchettes<\/strong>: 450<br \/><strong>Tirant d&#8217;eau<\/strong>: 2m \u00e0 4.5m<br \/><strong>VHF<\/strong>: 16 &#8211; 14<br \/><strong>T\u00e9l<\/strong>: +39 0184 505531<\/p>\n<p>[\/et_pb_blurb][\/et_pb_column][et_pb_column _builder_version=&#8221;4.17.4&#8243; _module_preset=&#8221;default&#8221; type=&#8221;1_2&#8243; theme_builder_area=&#8221;post_content&#8221;][et_pb_blurb title=&#8221;Marina Portosole (D6)&#8221; image=&#8221;https:\/\/www.rivieradeifiori.it\/wp-content\/uploads\/2022\/05\/PortoSole_OK_Guida.jpg&#8221; _builder_version=&#8221;4.17.4&#8243; _module_preset=&#8221;default&#8221; theme_builder_area=&#8221;post_content&#8221; title_text=&#8221;Marina di Portosole &#8211; Sanremo&#8221; module_alignment=&#8221;center&#8221; hover_enabled=&#8221;0&#8243; sticky_enabled=&#8221;0&#8243; image_icon_width=&#8221;70%&#8221;]<\/p>\n<p style=\"text-align: center;\"><strong><a href=\"http:\/\/www.portosolesanremo.it\" target=\"_blank\" rel=\"noopener noreferrer\">www.portosolesanremo.it<\/a><\/strong><\/p>\n<p style=\"text-align: left;\"><strong>Services<\/strong>: Carburant, eau, \u00e9lectricit\u00e9, cale de halage, grue, travel lift, toilettes, douches, services d&#8217;incendie, r\u00e9parations de moteurs, r\u00e9parations \u00e9lectriques, services m\u00e9t\u00e9orologiques, amarrages, gardiennage, plongeurs, bars, restaurants, magasins, Wifi, blanchisserie, parking, acc\u00e8s pour les v\u00e9los, chantier naval.<br \/><strong>Adresse<\/strong>: Via Del Castillo no. 17 &#8211; 18038 Sanremo (IM)<br \/><strong>Coordonn\u00e9es<\/strong>: 43\u00b0 49&#8242; 07&#8221; N &#8211; 07\u00b0 47&#8242; 22&#8221; E<br \/><strong>Couchettes<\/strong>: 776<br \/><strong>Longueur maximale<\/strong>: 90 m.<br \/><strong>Tirant d&#8217;eau<\/strong>: 2,50 m \u00e0 7 m.<br \/><strong>VHF<\/strong>: canal\/canal 9<br \/><strong>Tel<\/strong> +39 0184.5371 | <strong>Fax<\/strong> +39 0184.537411<br \/><strong>Courrier<\/strong>: info@portosolesanremo.it<\/p>\n<p>[\/et_pb_blurb][\/et_pb_column][\/et_pb_row][et_pb_row _builder_version=&#8221;4.17.4&#8243; _module_preset=&#8221;default&#8221; theme_builder_area=&#8221;post_content&#8221; column_structure=&#8221;1_2,1_2&#8243; hover_enabled=&#8221;0&#8243; sticky_enabled=&#8221;0&#8243;][et_pb_column _builder_version=&#8221;4.17.4&#8243; _module_preset=&#8221;default&#8221; type=&#8221;1_2&#8243; theme_builder_area=&#8221;post_content&#8221; custom_padding=&#8221;|10px|||false|false&#8221; hover_enabled=&#8221;0&#8243; sticky_enabled=&#8221;0&#8243;][et_pb_blurb title=&#8221;Marina degli Aregai (E5)&#8221; image=&#8221;https:\/\/www.rivieradeifiori.it\/wp-content\/uploads\/2022\/05\/Marina_deglil_Aregai-scaled-1.jpg&#8221; _builder_version=&#8221;4.17.4&#8243; _module_preset=&#8221;default&#8221; theme_builder_area=&#8221;post_content&#8221; title_text=&#8221;Marina degli Aregai &#8211; Santo Stefano al Mare&#8221; hover_enabled=&#8221;0&#8243; sticky_enabled=&#8221;0&#8243; image_icon_width=&#8221;70%&#8221;]<\/p>\n<p style=\"text-align: center;\"><strong><a href=\"http:\/\/www.marinadegliaregai.it\">www.marinadegliaregai.it<\/a><\/strong><\/p>\n<p><strong>Services<\/strong>: Carburant, eau, \u00e9lectricit\u00e9, cale de halage, grue, monte-charge, toilettes, douches, services d&#8217;incendie, r\u00e9paration de moteurs, r\u00e9parations \u00e9lectriques, services m\u00e9t\u00e9orologiques, amarrages, gardes, plongeurs, bars, restaurants, magasins, Wifi, \u00e9cole&#8230;<br \/>voile, plong\u00e9e, parking, acc\u00e8s \u00e0 la piste cyclable.<br \/><strong>Adresse<\/strong>: Adresse : Via Gianni Cozzi n. 1 &#8211; 18010 Santo Stefano Al Mare (IM)<br \/><strong>Coordonn\u00e9es<\/strong>: 43\u00b0 50&#8242; 35&#8221; N &#8211; 7\u00b0 55&#8242; 00&#8221; E<br \/>Nombre de<strong>couchettes<\/strong>: 980 Longueur maximale : 50 m. &#8211; Tirant d&#8217;eau : 2m \u00e0 5m<br \/><strong>VHF<\/strong>: canal 9<br \/><strong>T\u00e9l<\/strong>: +39 0184.4891 | <strong>Fax<\/strong> +39 0184.489200<br \/><strong>Courrier<\/strong>: reception@marinadegliaregai.it<\/p>\n<p>[\/et_pb_blurb][\/et_pb_column][et_pb_column _builder_version=&#8221;4.17.4&#8243; _module_preset=&#8221;default&#8221; type=&#8221;1_2&#8243; theme_builder_area=&#8221;post_content&#8221;][et_pb_blurb title=&#8221;Marina di San Lorenzo (F5)&#8221; image=&#8221;https:\/\/www.rivieradeifiori.it\/wp-content\/uploads\/2022\/05\/Marina_San_Lorenzo.jpg&#8221; _builder_version=&#8221;4.17.4&#8243; _module_preset=&#8221;default&#8221; theme_builder_area=&#8221;post_content&#8221; title_text=&#8221;Marina San Lorenzo&#8221; module_alignment=&#8221;center&#8221; hover_enabled=&#8221;0&#8243; sticky_enabled=&#8221;0&#8243; image_icon_width=&#8221;70%&#8221;]<\/p>\n<p style=\"text-align: center;\"><strong><a href=\"http:\/\/www.marinadisanlorenzo.it\" target=\"_blank\" rel=\"noopener noreferrer\">www.marinadisanlorenzo.it<\/a><\/strong><\/p>\n<p style=\"text-align: left;\"><strong>Services<\/strong>: Eau, \u00e9lectricit\u00e9, cale de halage, ascenseur, toilettes, douches, services d&#8217;incendie, r\u00e9paration de moteurs, r\u00e9parations \u00e9lectriques, services m\u00e9t\u00e9orologiques, amarrages, gardiennage, plongeurs, h\u00f4tel, SPA, bar, restaurant, Wifi, acc\u00e8s aux v\u00e9los, chantier naval.<br \/><strong>Adresse<\/strong>: Via Aurelia no. 3 &#8211; 18017 San Lorenzo al Mare (IM)<br \/><strong>Coordonn\u00e9es<\/strong>: 43\u00b0 51&#8242; 39&#8243; N &#8211; 7\u00b0 58&#8242; 23&#8243; E<br \/><strong>Couchettes<\/strong>: 365 Longueur maximale : 20 m. &#8211; Tirant d&#8217;eau : 2 m \u00e0 3 m<br \/><strong>VHF<\/strong>: canal\/canal 9<br \/><strong>Tel<\/strong> +39 0183.9352 | <strong>Fax<\/strong> +39 0183.931418<br \/><strong>Courrier<\/strong>: reception@marinadisanlorenzo.it<\/p>\n<p>[\/et_pb_blurb][\/et_pb_column][\/et_pb_row][et_pb_row _builder_version=&#8221;4.17.4&#8243; _module_preset=&#8221;default&#8221; theme_builder_area=&#8221;post_content&#8221; column_structure=&#8221;1_2,1_2&#8243; hover_enabled=&#8221;0&#8243; sticky_enabled=&#8221;0&#8243;][et_pb_column _builder_version=&#8221;4.17.4&#8243; _module_preset=&#8221;default&#8221; type=&#8221;1_2&#8243; theme_builder_area=&#8221;post_content&#8221; custom_padding=&#8221;|10px|||false|false&#8221; hover_enabled=&#8221;0&#8243; sticky_enabled=&#8221;0&#8243;][et_pb_blurb title=&#8221;Port d&#8217;Imperia (F5)&#8221; image=&#8221;https:\/\/www.rivieradeifiori.it\/wp-content\/uploads\/2022\/05\/Porto-Imperia.jpg&#8221; _builder_version=&#8221;4.17.4&#8243; _module_preset=&#8221;default&#8221; theme_builder_area=&#8221;post_content&#8221; title_text=&#8221;Porto Imperia&#8221; hover_enabled=&#8221;0&#8243; sticky_enabled=&#8221;0&#8243; image_icon_width=&#8221;70%&#8221;]<\/p>\n<p style=\"text-align: center;\"><a href=\"http:\/\/www.goimperia.it\" target=\"_blank\" rel=\"noopener noreferrer\"><strong>www.goimperia.it<\/strong><\/a><\/p>\n<p><strong>Services<\/strong>: Carburant, eau, \u00e9lectricit\u00e9, cale de halage, grue, travel lift, toilettes, douches, services d&#8217;incendie, r\u00e9parations de moteurs, r\u00e9parations \u00e9lectriques, services m\u00e9t\u00e9orologiques, amarrages, gardiennage, plongeurs, bars, restaurants, magasins, Wifi, parking.<br \/><strong>Adresse<\/strong>: via San Lazzaro &#8211; 18100 Imperia<br \/><strong>Coordonn\u00e9es<\/strong>: 43\u00b0 52&#8242; 39&#8221; N &#8211; 8\u00b0 1&#8242; 27&#8221; E<br \/><strong>Couchettes<\/strong>: 1300 &#8211; Tirant d&#8217;eau : 1,5 \u00e0 6m<br \/><strong>VHF<\/strong>: canal\/canal 9<br \/><strong>T\u00e9l<\/strong>: +39 0183 62679<br \/><strong>Courrier<\/strong>: reception@goimperia.it<\/p>\n<p>[\/et_pb_blurb][\/et_pb_column][et_pb_column _builder_version=&#8221;4.17.4&#8243; _module_preset=&#8221;default&#8221; type=&#8221;1_2&#8243; theme_builder_area=&#8221;post_content&#8221;][et_pb_blurb title=&#8221;Port Diano Marina (G4)&#8221; image=&#8221;https:\/\/www.rivieradeifiori.it\/wp-content\/uploads\/2022\/05\/Porto_Diano.jpg&#8221; _builder_version=&#8221;4.17.4&#8243; _module_preset=&#8221;default&#8221; theme_builder_area=&#8221;post_content&#8221; title_text=&#8221;Porto Diano Marina \u00a9Marco Muriella Archivio Gestioni Municipali SpA&#8221; module_alignment=&#8221;center&#8221; hover_enabled=&#8221;0&#8243; sticky_enabled=&#8221;0&#8243; image_icon_width=&#8221;70%&#8221;]<\/p>\n<p style=\"text-align: left;\"><strong style=\"text-align: left;\">Services<\/strong><span style=\"text-align: left;\">: Eau, \u00e9lectricit\u00e9, cale, grues, toilettes, douches, services d&#8217;incendie, r\u00e9parations de moteurs, r\u00e9parations \u00e9lectriques, services m\u00e9t\u00e9orologiques, amarrage, observation, plongeurs.<\/span><span style=\"{wpml_trans_unit_15_0_0_1_-1_0}\"><br \/>Adresse<\/span><strong>: Corso Giuseppe Garibaldi, 2, 18013 Diano Marina (IM)<\/strong><br \/><strong>Coordonn\u00e9es<\/strong>: 43\u00b0 54&#8242; 35&#8221; N &#8211; 8\u00b0 5&#8242; 10&#8221; E<br \/><strong>Couchettes<\/strong>: 250 &#8211; Tirant d&#8217;eau : 1,5 \u00e0 2,5 m<br \/><strong>VHF<\/strong>: canal\/canal 16<br \/><strong>T\u00e9l<\/strong>: +39 0183-753024<br \/><strong>Courrier<\/strong>: porto@gestionimunicipali.com<\/p>\n<p>[\/et_pb_blurb][\/et_pb_column][\/et_pb_row][et_pb_row _builder_version=&#8221;4.17.4&#8243; _module_preset=&#8221;default&#8221; theme_builder_area=&#8221;post_content&#8221; column_structure=&#8221;1_2,1_2&#8243; hover_enabled=&#8221;0&#8243; sticky_enabled=&#8221;0&#8243;][et_pb_column _builder_version=&#8221;4.17.4&#8243; _module_preset=&#8221;default&#8221; type=&#8221;1_2&#8243; theme_builder_area=&#8221;post_content&#8221; custom_padding=&#8221;|10px|||false|false&#8221; hover_enabled=&#8221;0&#8243; sticky_enabled=&#8221;0&#8243;][et_pb_blurb title=&#8221;Porto Di San Bartolomeo (G4)&#8221; image=&#8221;https:\/\/www.rivieradeifiori.it\/wp-content\/uploads\/2022\/05\/Porto_San_Bartolomeo.jpg&#8221; _builder_version=&#8221;4.17.4&#8243; _module_preset=&#8221;default&#8221; theme_builder_area=&#8221;post_content&#8221; title_text=&#8221;Porto San Bartolomeo al Mare \u00a9Stefano De Lorenzi (Foto Principe Diano)&#8221; hover_enabled=&#8221;0&#8243; sticky_enabled=&#8221;0&#8243; image_icon_width=&#8221;70%&#8221;]<\/p>\n<p style=\"text-align: center;\"><a href=\"http:\/\/www.sanbart.it\" target=\"_blank\" rel=\"noopener noreferrer\">www.sanbart.it<\/a><\/p>\n<p style=\"text-align: left;\"><strong>Services<\/strong>: Eau, \u00e9lectricit\u00e9, toilettes, douches, services de lutte contre l&#8217;incendie, services m\u00e9t\u00e9orologiques, amarrages, gardes, plongeurs.<br \/><strong>Adresse<\/strong>: Via XX Settembre 1 &#8211; San Bartolomeo al mare (IM)<br \/><strong>Coordonn\u00e9es<\/strong>: 43\u00b0 55&#8242; 12&#8221; N &#8211; 8\u00b0 6&#8242; 23&#8221; E<br \/><strong>Couchettes<\/strong>: 173 &#8211; Tirant d&#8217;eau : 1,20 \u00e0 3,20 m<br \/><strong>VHF<\/strong>: canal\/canal 9<br \/><strong>T\u00e9l<\/strong>: +39 0183 408089<br \/><strong>Courrier<\/strong>: pna@sermarsm.it<\/p>\n<p>[\/et_pb_blurb][\/et_pb_column][et_pb_column _builder_version=&#8221;4.17.4&#8243; _module_preset=&#8221;default&#8221; type=&#8221;1_2&#8243; theme_builder_area=&#8221;post_content&#8221;][\/et_pb_column][\/et_pb_row][\/et_pb_section]<\/p>\n","protected":false},"excerpt":{"rendered":"<p>www.caladelforte-ventimiglia.it Services: Carburant, eau, \u00e9lectricit\u00e9, toilettes, douches, service de lutte contre l&#8217;incendie, services m\u00e9t\u00e9orologiques, amarrages, gardiennage, plongeurs, bars, restaurants et magasins.Adresse: Passeggiata Marconi 13 &#8211; Vintimille (IM)Coordonn\u00e9es: 43\u00b0 47&#8242; 18&#8221; N &#8211; 7\u00b0 36&#8242; 14&#8221; ECouchettes: 323Tirant d&#8217;eau: 0,5 \u00e0 4 mVHF: canal\/canal 16T\u00e9l: +39 0184 33109Courrier: info@caladelforte-ventimiglia.itInstallations: eau, \u00e9lectricit\u00e9, toilettes, douches, cale de mise [&hellip;]<\/p>\n","protected":false},"author":1,"featured_media":0,"parent":0,"menu_order":0,"comment_status":"closed","ping_status":"closed","template":"","meta":{"_et_pb_use_builder":"on","_et_pb_old_content":"","_et_gb_content_width":"","_eb_attr":"","_vp_format_video_url":"","_vp_image_focal_point":[],"_vp_custom_popup_image":0,"_vp_format_audio_url":"","_vp_custom_thumbnail":0,"_vp_custom_thumbnail_focal_point":[],"_vp_hover_thumbnail":0,"_vp_hover_thumbnail_focal_point":[],"footnotes":""},"class_list":["post-15669","page","type-page","status-publish","hentry"],"yoast_head":"<!-- This site is optimized with the Yoast SEO plugin v25.7 - https:\/\/yoast.com\/wordpress\/plugins\/seo\/ -->\n<title>Port de Plaisance - Riviera dei Fiori<\/title>\n<meta name=\"robots\" content=\"index, follow, max-snippet:-1, max-image-preview:large, max-video-preview:-1\" \/>\n<link rel=\"canonical\" href=\"https:\/\/www.rivieradeifiori.it\/fr\/port-de-plaisance\/\" \/>\n<meta name=\"twitter:label1\" content=\"Dur\u00e9e de lecture estim\u00e9e\" \/>\n\t<meta name=\"twitter:data1\" content=\"7 minutes\" \/>\n<script type=\"application\/ld+json\" class=\"yoast-schema-graph\">{\"@context\":\"https:\/\/schema.org\",\"@graph\":[{\"@type\":\"WebPage\",\"@id\":\"https:\/\/www.rivieradeifiori.it\/fr\/port-de-plaisance\/\",\"url\":\"https:\/\/www.rivieradeifiori.it\/fr\/port-de-plaisance\/\",\"name\":\"Port de Plaisance - Riviera dei Fiori\",\"isPartOf\":{\"@id\":\"https:\/\/www.rivieradeifiori.it\/fr\/#website\"},\"datePublished\":\"2022-06-08T23:14:08+00:00\",\"dateModified\":\"2022-06-08T23:34:23+00:00\",\"breadcrumb\":{\"@id\":\"https:\/\/www.rivieradeifiori.it\/fr\/port-de-plaisance\/#breadcrumb\"},\"inLanguage\":\"fr-FR\",\"potentialAction\":[{\"@type\":\"ReadAction\",\"target\":[\"https:\/\/www.rivieradeifiori.it\/fr\/port-de-plaisance\/\"]}]},{\"@type\":\"BreadcrumbList\",\"@id\":\"https:\/\/www.rivieradeifiori.it\/fr\/port-de-plaisance\/#breadcrumb\",\"itemListElement\":[{\"@type\":\"ListItem\",\"position\":1,\"name\":\"Home\",\"item\":\"https:\/\/www.rivieradeifiori.it\/fr\/\"},{\"@type\":\"ListItem\",\"position\":2,\"name\":\"Port de Plaisance\"}]},{\"@type\":\"WebSite\",\"@id\":\"https:\/\/www.rivieradeifiori.it\/fr\/#website\",\"url\":\"https:\/\/www.rivieradeifiori.it\/fr\/\",\"name\":\"Riviera dei Fiori\",\"description\":\"Un mare di colori\",\"potentialAction\":[{\"@type\":\"SearchAction\",\"target\":{\"@type\":\"EntryPoint\",\"urlTemplate\":\"https:\/\/www.rivieradeifiori.it\/fr\/?s={search_term_string}\"},\"query-input\":{\"@type\":\"PropertyValueSpecification\",\"valueRequired\":true,\"valueName\":\"search_term_string\"}}],\"inLanguage\":\"fr-FR\"}]}<\/script>\n<!-- \/ Yoast SEO plugin. -->","yoast_head_json":{"title":"Port de Plaisance - Riviera dei Fiori","robots":{"index":"index","follow":"follow","max-snippet":"max-snippet:-1","max-image-preview":"max-image-preview:large","max-video-preview":"max-video-preview:-1"},"canonical":"https:\/\/www.rivieradeifiori.it\/fr\/port-de-plaisance\/","twitter_misc":{"Dur\u00e9e de lecture estim\u00e9e":"7 minutes"},"schema":{"@context":"https:\/\/schema.org","@graph":[{"@type":"WebPage","@id":"https:\/\/www.rivieradeifiori.it\/fr\/port-de-plaisance\/","url":"https:\/\/www.rivieradeifiori.it\/fr\/port-de-plaisance\/","name":"Port de Plaisance - Riviera dei Fiori","isPartOf":{"@id":"https:\/\/www.rivieradeifiori.it\/fr\/#website"},"datePublished":"2022-06-08T23:14:08+00:00","dateModified":"2022-06-08T23:34:23+00:00","breadcrumb":{"@id":"https:\/\/www.rivieradeifiori.it\/fr\/port-de-plaisance\/#breadcrumb"},"inLanguage":"fr-FR","potentialAction":[{"@type":"ReadAction","target":["https:\/\/www.rivieradeifiori.it\/fr\/port-de-plaisance\/"]}]},{"@type":"BreadcrumbList","@id":"https:\/\/www.rivieradeifiori.it\/fr\/port-de-plaisance\/#breadcrumb","itemListElement":[{"@type":"ListItem","position":1,"name":"Home","item":"https:\/\/www.rivieradeifiori.it\/fr\/"},{"@type":"ListItem","position":2,"name":"Port de Plaisance"}]},{"@type":"WebSite","@id":"https:\/\/www.rivieradeifiori.it\/fr\/#website","url":"https:\/\/www.rivieradeifiori.it\/fr\/","name":"Riviera dei Fiori","description":"Un mare di colori","potentialAction":[{"@type":"SearchAction","target":{"@type":"EntryPoint","urlTemplate":"https:\/\/www.rivieradeifiori.it\/fr\/?s={search_term_string}"},"query-input":{"@type":"PropertyValueSpecification","valueRequired":true,"valueName":"search_term_string"}}],"inLanguage":"fr-FR"}]}},"_links":{"self":[{"href":"https:\/\/www.rivieradeifiori.it\/fr\/wp-json\/wp\/v2\/pages\/15669","targetHints":{"allow":["GET"]}}],"collection":[{"href":"https:\/\/www.rivieradeifiori.it\/fr\/wp-json\/wp\/v2\/pages"}],"about":[{"href":"https:\/\/www.rivieradeifiori.it\/fr\/wp-json\/wp\/v2\/types\/page"}],"author":[{"embeddable":true,"href":"https:\/\/www.rivieradeifiori.it\/fr\/wp-json\/wp\/v2\/users\/1"}],"replies":[{"embeddable":true,"href":"https:\/\/www.rivieradeifiori.it\/fr\/wp-json\/wp\/v2\/comments?post=15669"}],"version-history":[{"count":3,"href":"https:\/\/www.rivieradeifiori.it\/fr\/wp-json\/wp\/v2\/pages\/15669\/revisions"}],"predecessor-version":[{"id":15672,"href":"https:\/\/www.rivieradeifiori.it\/fr\/wp-json\/wp\/v2\/pages\/15669\/revisions\/15672"}],"wp:attachment":[{"href":"https:\/\/www.rivieradeifiori.it\/fr\/wp-json\/wp\/v2\/media?parent=15669"}],"curies":[{"name":"wp","href":"https:\/\/api.w.org\/{rel}","templated":true}]}}