{"id":17384,"date":"2016-05-31T16:09:29","date_gmt":"2016-05-31T14:09:29","guid":{"rendered":"https:\/\/www.rivieradeifiori.it\/museen\/"},"modified":"2022-06-16T23:45:16","modified_gmt":"2022-06-16T21:45:16","slug":"museen","status":"publish","type":"page","link":"https:\/\/www.rivieradeifiori.it\/de\/museen\/","title":{"rendered":"Museen"},"content":{"rendered":"<p>[et_pb_section fb_built=&#8221;1&#8243; admin_label=&#8221;section&#8221; _builder_version=&#8221;4.16&#8243; custom_margin=&#8221;-14px|||||&#8221; custom_padding=&#8221;4px|||||&#8221; global_colors_info=&#8221;{}&#8221;][et_pb_row admin_label=&#8221;row&#8221; _builder_version=&#8221;4.16&#8243; background_size=&#8221;initial&#8221; background_position=&#8221;top_left&#8221; background_repeat=&#8221;repeat&#8221; global_colors_info=&#8221;{}&#8221;][et_pb_column type=&#8221;4_4&#8243; _builder_version=&#8221;4.16&#8243; custom_padding=&#8221;|||&#8221; global_colors_info=&#8221;{}&#8221; custom_padding__hover=&#8221;|||&#8221;][et_pb_gallery gallery_ids=&#8221;12331,12327&#8243; show_title_and_caption=&#8221;off&#8221; show_pagination=&#8221;off&#8221; _builder_version=&#8221;4.17.4&#8243; _module_preset=&#8221;default&#8221; text_orientation=&#8221;center&#8221; custom_padding=&#8221;||20px|||&#8221; global_colors_info=&#8221;{}&#8221;][\/et_pb_gallery][et_pb_text admin_label=&#8221;Text&#8221; _builder_version=&#8221;4.17.4&#8243; background_size=&#8221;initial&#8221; background_position=&#8221;top_left&#8221; background_repeat=&#8221;repeat&#8221; global_colors_info=&#8221;{}&#8221;]<\/p>\n<p><b><\/b><\/p>\n<p><b><\/b><\/p>\n<h2><b>Museen \/ Mus\u00e9es \/ Museen \/ \u041c\u0443\u0437\u0435\u0438 &#8211; Riviera dei Fiori:<\/b><\/h2>\n<p><b><\/b><\/p>\n<h2><a href=\"https:\/\/www.rivieradeifiori.it\/de\/principe\/\">Airole &#8211; A5<\/a><\/h2>\n<p><strong>Museum f\u00fcr Erd\u00f6l und l\u00e4ndliche Zivilisation<\/strong><br \/>\u00d6ffnung &#8211; an Veranstaltungstagen und nach Vereinbarung<br \/>F\u00fcr weitere Informationen: +39 0184 200027<br \/>Zugang: frei<\/p>\n<h2><a href=\"\/?p=1008\">Bajardo &#8211; C4<\/a><\/h2>\n<p><strong>St\u00e4dtische Kunstgalerie<\/strong><br \/>Stadtverwaltung von Bajardo, Via Roma &#8211; Telefon: +39 0184 673054<br \/>Zugang: frei<\/p>\n<h2><a href=\"\/?p=1008\">Bordighera &#8211; B6<\/a><\/h2>\n<p><strong>Villa Pompeo Mariani<\/strong><br \/>Via Fontana Vecchia, 5-7 &#8211; Telefon: +39 0184 265556<\/p>\n<p><strong>Clarence Bicknell&#8221;-Museum-B\u00fccherei<\/strong><br \/>Via Romana, 39 &#8211; Telefon: +39 0184 263601<br \/>Mo 9 &#8211; 17 Uhr; Mi 9 &#8211; 13 Uhr; Mi 9 &#8211; 17 Uhr; Do 9 &#8211; 13 Uhr; Fr geschlossen; Sa 13 &#8211; 17 Uhr<br \/>Geschlossen machen. &#8211; Zugang: gegen eine Geb\u00fchr<\/p>\n<h2><a href=\"https:\/\/www.rivieradeifiori.it\/de\/was-ist-zu-tun\/sir-thomas-hanbury-ein-paradies-der-dufte-und-farben\/attachment\/gbh_mausoleo_moresco-copia-2\/\">Carpasio &#8211; E3<\/a><\/h2>\n<p><strong>Partisanenmuseum<\/strong><br \/>Ge\u00f6ffnet: April bis Oktober, samstags\/sonntags und an Feiertagen, 9-18 Uhr (wochentags nach Vereinbarung).<br \/>F\u00fcr die Buchung von Gruppenbesuchen und eventueller Begleitung:<br \/>Sekretariat des Historischen Instituts des Widerstands und der Neuzeit<br \/>+39 0183 650755. &#8211; Zugang: frei<\/p>\n<h2><a href=\"https:\/\/www.rivieradeifiori.it\/de\/was-ist-zu-tun\/sir-thomas-hanbury-ein-paradies-der-dufte-und-farben\/attachment\/gbh_mausoleo_moresco-copia-2\/\">Cervo &#8211; G4<\/a><\/h2>\n<p><b>Museumszentrum &#8220;Schloss Clavesana<br \/><\/b><b>Franco Ferrero&#8221; Ethnographisches Museum von Westligurien und Dauerausstellung &#8220;Die Frauen von Ligurien &#8211; ein Jahrhundert Geschichte 1850-1950<\/b><br \/>\u00d6ffnungszeiten.<br \/>Winter: Dienstag bis Samstag von 10.00 bis 13.00 Uhr und von 15.00 bis 18.00 Uhr<br \/>Sonntags und an Feiertagen von 9 bis 12 Uhr und von 15 bis 18 Uhr &#8211; Montags GESCHLOSSEN<br \/>Sommer: Dienstag bis Samstag von 10 bis 13 Uhr und 18 bis 23 Uhr.<br \/>Sonntags und an Feiertagen von 9 bis 12 Uhr und 18 bis 23 Uhr.<\/p>\n<h2><a href=\"https:\/\/www.rivieradeifiori.it\/de\/washington\/\">Dolceacqua &#8211; B5<\/a><\/h2>\n<p><strong>Schloss Doria<\/strong><br \/>Schlossstra\u00dfe<br \/>\u00d6ffnungszeiten: Dienstag-Sonntag 10-16:30; Montag geschlossen<br \/>Zugang: gegen eine Geb\u00fchr<\/p>\n<h2><a href=\"\/?p=177\">Imperia &#8211; F4<\/a><\/h2>\n<p><strong>M.A.C.I. Sammlung Villa Faravelli Invernizzi<\/strong><br \/>Viale Matteotti, 151<br \/>Telefon Villa Faranelli: +39 0183 297927<br \/>Sommerfahrplan 1\/6 &#8211; 30\/9<br \/>Donnerstag, Freitag und Sonntag 16:30-19:30<br \/>Samstag 10-13 &#8211; 16:30-19:30<br \/>Winterfahrplan: 1\/10-31\/5<br \/>Freitag und Sonntag 16-19 &#8211; Samstag 10-13 &#8211; 16-19<br \/>Zugang: gegen eine Geb\u00fchr<\/p>\n<p><strong>Zentrales Museum des Historischen Instituts des Widerstands<\/strong><br \/>Adresse: Via Felice Cascione &#8211; Telefon: +39 0183 650755<br \/>\u00d6ffnungszeiten: t\u00e4glich ge\u00f6ffnet, Montag-Freitag, 9-12.30 Uhr.<br \/>Zugang: frei<\/p>\n<p><strong>Museum f\u00fcr Kommunikation &#8211; Stimmen im \u00c4ther<\/strong><br \/>Salita Garzini, 5 | Frazione Oliveto<br \/>\u00d6ffnungszeiten: Samstags von 10 bis 12 Uhr oder nach Vereinbarung:<\/p>\n<p><strong>Museum der Br\u00fcderlichkeit<\/strong><br \/>Piazza Monte Calvario, Heiligtum des Heiligen Kreuzes<br \/>Telefon: +39 339 8861464<br \/>\u00d6ffnungszeiten: jeden ersten Sonntag im Monat von 10.00 bis 12.00 Uhr oder nach Vereinbarung. &#8211; Zugang: frei<\/p>\n<p><strong>Marinemuseum &#8211; Die Stadt der Matrosen und Planetarium<\/strong><br \/>Via Scarincio, 9 &#8211; Telefon: +39 0183 651541<br \/>Winterfahrplan: 1\/9-30\/6<br \/>Dienstag 9:30 &#8211; 11:30 Uhr (Schulen oder auf Reservierung f\u00fcr Gruppen von 20 Personen).<br \/>Donnerstag und Samstag 15:30 &#8211; 19:30<br \/>Sommerfahrplan 1\/7 &#8211; 31\/8<br \/>Dienstag 9:30 &#8211; 11:30 Uhr (Schulen oder auf Reservierung f\u00fcr Gruppen von 20 Personen).<br \/>Donnerstag und Freitag und Samstag 18:30 &#8211; 22:30<br \/>Zugang: gegen eine Geb\u00fchr<\/p>\n<p><strong>Olivenbaum-Museum C. Carli<\/strong><br \/>Via Garessio, 13 &#8211; Telefon: +39 0183 295762<br \/>\u00d6ffnungszeiten: 09-12:30, 15-18:30 &#8211; Sonntag geschlossen<br \/>Zugang: gegen eine Geb\u00fchr<\/p>\n<p><strong>Villa Grock &#8211; Clown-Museum<\/strong><br \/>\u00dcber Fanny Roncati Carli,<br \/>\u00d6ffnungszeiten: jeden Montag von 15.00 bis 18.00 Uhr oder nach Vereinbarung f\u00fcr Gruppen von mindestens 10 Personen.<br \/>Zugang: gegen eine Geb\u00fchr<\/p>\n<h2><a href=\"https:\/\/www.rivieradeifiori.it\/de\/meer-und-land\/der-ursprung-der-blumenriviera\/attachment\/010-2\/\">Lucinasco &#8211; F3<\/a><\/h2>\n<p><strong>L. Acquarone&#8217; Museum f\u00fcr sakrale Kunst<\/strong><\/p>\n<h2><a href=\"https:\/\/www.rivieradeifiori.it\/de\/was-ist-zu-tun\/sir-thomas-hanbury-ein-paradies-der-dufte-und-farben\/attachment\/museo-erbario-2\/\">Mendatica &#8211; D2<\/a><\/h2>\n<p><strong>Kartographische Ausstellung<\/strong><br \/>Via Campo Sportivo, 1 &#8211; Telefon:0183 328713<br \/>Historisches und ethnographisches Museum der Ligurischen Alpen<br \/>Via Papa Giovanni XXIII &#8211; Tel. +39 0183 328713<\/p>\n<h2><a href=\"\/?p=1210\">Perinaldo &#8211; B5<\/a><\/h2>\n<p>G. D. Cassini-Museum<br \/>Piazzale Sant&#8217;Antonio, 1 &#8211; Tel. +39 348 5520554<\/p>\n<h2><a href=\"https:\/\/www.rivieradeifiori.it\/de\/meer-und-land\/walschutzgebiet\/attachment\/fin-whale1_s-airoldi_tethys-2\/\">Pietrabruna &#8211; E4<\/a><\/h2>\n<p>Giuseppina-Guasco-Museum<br \/>Um das Museum zu besuchen, gehen Sie zur Via Capitan Ranise, 3.<\/p>\n<h2><a href=\"https:\/\/www.rivieradeifiori.it\/de\/del-mar\/\">Pieve di Teco &#8211; E2<\/a><\/h2>\n<p>Museum f\u00fcr sakrale Kunst<br \/>Via Eula snc &#8211; Telefon: +39 0183 36313<\/p>\n<h2><a href=\"https:\/\/www.rivieradeifiori.it\/de\/was-ist-zu-tun\/sir-thomas-hanbury-ein-paradies-der-dufte-und-farben\/attachment\/museo-erbario-2\/\">Rezzo &#8211; E2<\/a><\/h2>\n<p><strong>Steinstra\u00dfen<\/strong><br \/>Via Canada 5 &#8211; Telefon: +39 0183 34015<\/p>\n<h2><a href=\"https:\/\/www.rivieradeifiori.it\/de\/meer-und-land\/walschutzgebiet\/attachment\/mobula-mobular_a-scuderi_tethys_1-2\/\">SanRemo &#8211; D6<\/a><\/h2>\n<p>Floriseum &#8211; Blumenmuseum von San Remo<br \/>Corso Cavallotti 113, im Inneren der Villa Ormond Park<br \/>\u00d6ffnungszeiten: Dienstag-Sonntag: 10:00-12:30, 16:00-18:30, Montag<br \/>geschlossen. Zugang: gegen eine Geb\u00fchr<\/p>\n<p><strong>Stadtmuseum (Nota Palace)<\/strong><br \/>Piazza Alberto Nota, 2 &#8211; Tel. 328 5304665<br \/>\u00d6ffnungszeiten: Dienstag-Samstag 8.30-18.30 Uhr (letzter Einlass 18.00 Uhr); Montag<br \/>und Sonntag geschlossen. Zugang: gegen eine Geb\u00fchr<\/p>\n<p><strong>Kunstgalerie und Bibliothek &#8220;Rambaldi<\/strong><br \/>Via Rambaldi &#8211; Telefon: +39 0184 670398<br \/>\u00d6ffnungszeiten vom 18. Juni bis 11. September 2022: Samstag und Sonntag 16.00 &#8211; 22.00 Uhr.<br \/>Zugang: gegen eine Geb\u00fchr<\/p>\n<p><strong>Villa Nobel<\/strong><br \/>Corso Felice Cavallotti, 116 &#8211; Telefon: +39 0184 501017<br \/>Zugang: gegen eine Geb\u00fchr<\/p>\n<h2><a href=\"\/?p=1267\">Seborga &#8211; C5<\/a><\/h2>\n<p><strong>Museum f\u00fcr Musikinstrumente<\/strong><br \/>Telefon: +39 0184 223622<br \/>\u00d6ffnungszeiten: Dienstag-Sonntag 10-13 Uhr, 14.30-18 Uhr.<br \/>Zugang: kostenloses Angebot<\/p>\n<h2>Riva Ligure &#8211; E5<\/h2>\n<p><strong>SEM &#8211; Multimedia-Ausstellungsraum<\/strong><br \/>Via Nino Bixio, 15<br \/>\u00d6ffnungszeiten: Sonntag: 9:30-12:30, 15:30-19<br \/>Zugang: gegen eine Geb\u00fchr<\/p>\n<h2><a href=\"\/?p=286\">Taggia &#8211; D5<\/a><\/h2>\n<p><strong>Museum von San Domenico<\/strong><br \/>Piazza S. Cristoforo, 6 &#8211; Telefon: +39 0184 477278<br \/>\u00d6ffnungszeiten: Dienstag &#8211; Sonntag 9:00-11:30, 15:00-17:30, Montag<br \/>geschlossen. Zugang: kostenloses Angebot<\/p>\n<h2><a href=\"https:\/\/www.rivieradeifiori.it\/de\/varase\/\">Triora &#8211; C3<\/a><\/h2>\n<p><strong>Ethnografisches Museum und Hexenmuseum<\/strong><br \/>Corso Italia, 1, &#8211; Telefon: +39 0184 94049<br \/>\u00d6ffnungszeiten: 1\/10-31\/3 t\u00e4glich 14:30-18:00, Samstag-Sonntag und<br \/>in den Ferien auch vormittags 10:30-12:00<br \/>1\/4-30\/6 t\u00e4glich 15:00-18:30, Samstag-Sonntag und Feiertage auch vormittags 10:30-12:00<br \/>1\/6-30\/9 t\u00e4glich 10:30-12:00, 15:00-18:30<br \/>Zu verschiedenen Zeiten nach Vereinbarung &#8211; Zugang: geb\u00fchrenpflichtig<\/p>\n<h2><a href=\"https:\/\/www.rivieradeifiori.it\/de\/moresco\/\">Vallecrosia &#8211; B6<\/a><\/h2>\n<p><strong>Museum f\u00fcr Gesang und Tonwiedergabe &#8211; Erio Tripodi<\/strong><br \/>Via Roma, 108 &#8211; Telefon: +39 0184 291000<\/p>\n<h2><a href=\"\/?p=96\">Ventimiglia &#8211; B6<\/a><\/h2>\n<p><strong>Arch\u00e4ologisches Gebiet Nervia<\/strong><br \/>Corso Genova 134, Tel.+390184\/252320, \u00d6ffnungszeiten Donnerstag bis Sonntag<br \/>09.00\/18.00. Besuchszeit 1h30, Eintrittspreis.<\/p>\n<p><strong>Botanischer Garten Hanbury<\/strong><br \/>Corso Montecarlo, 43 &#8211; Tel. +39 0184 229507<br \/>Arbeitszeiten: Fr\u00fchling\/Herbst (1\/3-15\/6; 16\/9-15\/10): 9:30-17 Uhr mit Ausgang bis 18 Uhr.<br \/>Sommer (16.6.-15.9.): 9.30-18.00 Uhr mit Ausgang bis 19.00 Uhr.<br \/>Winter (16\/10-28\/2) 9:30 &#8211; 16:00 Uhr mit Ausgang bis 17:00 Uhr<br \/>Montags geschlossen. Geschlossen vom 01\/11 bis 28\/02<br \/>Besichtigungszeit: mindestens 1h\/1:30 &#8211; Zugang: gegen Bezahlung<\/p>\n<p><strong>Pr\u00e4historisches Museum Balzi Rossi<\/strong><br \/>Via dei Balzi Rossi, 9 &#8211; Telefon: +39 0184 38113<br \/>Montags geschlossen. Ganzj\u00e4hrig von Dienstag bis Sonntag von 8.30 Uhr bis 19.30 Uhr ge\u00f6ffnet.<br \/>Besuchszeit: mindestens 1h\/1:30 &#8211; Zugang: gegen Bezahlung<\/p>\n<p><strong>MAR Arch\u00e4ologisches Museum Girolamo Rossi<\/strong><br \/>Via Verdi, 41 &#8211; Telefon: +39 0184 351181<br \/>Zeitplan:<br \/>Winter: dienstags, mittwochs, donnerstags und samstags 9:00-12:30\/15:00-17:00; freitags 9:00-12:30; erster und dritter Sonntag<br \/>des Monats: 10.00 &#8211; 12.30 Uhr &#8211; W\u00f6chentlich geschlossen: Montag &#8211;<br \/>Sommer (1\/7-31\/8): dienstags, mittwochs und donnerstags 9:00-12:30\/15:00- 17:00 Uhr; freitags: 9:00-12:30 Uhr und 21:00-23:00 Uhr; samstags: 9:00-12:30 Uhr; sonntags: 21:00-23:00 Uhr; w\u00f6chentlich geschlossen: montags<br \/>Zugang: gegen eine Geb\u00fchr<\/p>\n<p>[\/et_pb_text][\/et_pb_column][\/et_pb_row][\/et_pb_section]<\/p>\n","protected":false},"excerpt":{"rendered":"<p>Museen \/ Mus\u00e9es \/ Museen \/ \u041c\u0443\u0437\u0435\u0438 &#8211; Riviera dei Fiori: Airole &#8211; A5 Museum f\u00fcr Erd\u00f6l und l\u00e4ndliche Zivilisation\u00d6ffnung &#8211; an Veranstaltungstagen und nach VereinbarungF\u00fcr weitere Informationen: +39 0184 200027Zugang: frei Bajardo &#8211; C4 St\u00e4dtische KunstgalerieStadtverwaltung von Bajardo, Via Roma &#8211; Telefon: +39 0184 673054Zugang: frei Bordighera &#8211; B6 Villa Pompeo MarianiVia Fontana Vecchia, [&hellip;]<\/p>\n","protected":false},"author":1,"featured_media":0,"parent":0,"menu_order":0,"comment_status":"closed","ping_status":"closed","template":"","meta":{"_et_pb_use_builder":"on","_et_pb_old_content":"","_et_gb_content_width":"","_eb_attr":"","_vp_format_video_url":"","_vp_image_focal_point":[],"_vp_custom_popup_image":0,"_vp_format_audio_url":"","_vp_custom_thumbnail":0,"_vp_custom_thumbnail_focal_point":[],"_vp_hover_thumbnail":0,"_vp_hover_thumbnail_focal_point":[],"footnotes":""},"class_list":["post-17384","page","type-page","status-publish","hentry"],"yoast_head":"<!-- This site is optimized with the Yoast SEO plugin v25.7 - https:\/\/yoast.com\/wordpress\/plugins\/seo\/ -->\n<title>Museen - Riviera dei Fiori<\/title>\n<meta name=\"robots\" content=\"index, follow, max-snippet:-1, max-image-preview:large, max-video-preview:-1\" \/>\n<link rel=\"canonical\" href=\"https:\/\/www.rivieradeifiori.it\/de\/museen\/\" \/>\n<meta name=\"twitter:label1\" content=\"Gesch\u00e4tzte Lesezeit\" \/>\n\t<meta name=\"twitter:data1\" content=\"5\u00a0Minuten\" \/>\n<script type=\"application\/ld+json\" class=\"yoast-schema-graph\">{\"@context\":\"https:\/\/schema.org\",\"@graph\":[{\"@type\":\"WebPage\",\"@id\":\"https:\/\/www.rivieradeifiori.it\/de\/museen\/\",\"url\":\"https:\/\/www.rivieradeifiori.it\/de\/museen\/\",\"name\":\"Museen - Riviera dei Fiori\",\"isPartOf\":{\"@id\":\"https:\/\/www.rivieradeifiori.it\/de\/#website\"},\"datePublished\":\"2016-05-31T14:09:29+00:00\",\"dateModified\":\"2022-06-16T21:45:16+00:00\",\"breadcrumb\":{\"@id\":\"https:\/\/www.rivieradeifiori.it\/de\/museen\/#breadcrumb\"},\"inLanguage\":\"de\",\"potentialAction\":[{\"@type\":\"ReadAction\",\"target\":[\"https:\/\/www.rivieradeifiori.it\/de\/museen\/\"]}]},{\"@type\":\"BreadcrumbList\",\"@id\":\"https:\/\/www.rivieradeifiori.it\/de\/museen\/#breadcrumb\",\"itemListElement\":[{\"@type\":\"ListItem\",\"position\":1,\"name\":\"Home\",\"item\":\"https:\/\/www.rivieradeifiori.it\/de\/\"},{\"@type\":\"ListItem\",\"position\":2,\"name\":\"Museen\"}]},{\"@type\":\"WebSite\",\"@id\":\"https:\/\/www.rivieradeifiori.it\/de\/#website\",\"url\":\"https:\/\/www.rivieradeifiori.it\/de\/\",\"name\":\"Riviera dei Fiori\",\"description\":\"Un mare di colori\",\"potentialAction\":[{\"@type\":\"SearchAction\",\"target\":{\"@type\":\"EntryPoint\",\"urlTemplate\":\"https:\/\/www.rivieradeifiori.it\/de\/?s={search_term_string}\"},\"query-input\":{\"@type\":\"PropertyValueSpecification\",\"valueRequired\":true,\"valueName\":\"search_term_string\"}}],\"inLanguage\":\"de\"}]}<\/script>\n<!-- \/ Yoast SEO plugin. -->","yoast_head_json":{"title":"Museen - Riviera dei Fiori","robots":{"index":"index","follow":"follow","max-snippet":"max-snippet:-1","max-image-preview":"max-image-preview:large","max-video-preview":"max-video-preview:-1"},"canonical":"https:\/\/www.rivieradeifiori.it\/de\/museen\/","twitter_misc":{"Gesch\u00e4tzte Lesezeit":"5\u00a0Minuten"},"schema":{"@context":"https:\/\/schema.org","@graph":[{"@type":"WebPage","@id":"https:\/\/www.rivieradeifiori.it\/de\/museen\/","url":"https:\/\/www.rivieradeifiori.it\/de\/museen\/","name":"Museen - Riviera dei Fiori","isPartOf":{"@id":"https:\/\/www.rivieradeifiori.it\/de\/#website"},"datePublished":"2016-05-31T14:09:29+00:00","dateModified":"2022-06-16T21:45:16+00:00","breadcrumb":{"@id":"https:\/\/www.rivieradeifiori.it\/de\/museen\/#breadcrumb"},"inLanguage":"de","potentialAction":[{"@type":"ReadAction","target":["https:\/\/www.rivieradeifiori.it\/de\/museen\/"]}]},{"@type":"BreadcrumbList","@id":"https:\/\/www.rivieradeifiori.it\/de\/museen\/#breadcrumb","itemListElement":[{"@type":"ListItem","position":1,"name":"Home","item":"https:\/\/www.rivieradeifiori.it\/de\/"},{"@type":"ListItem","position":2,"name":"Museen"}]},{"@type":"WebSite","@id":"https:\/\/www.rivieradeifiori.it\/de\/#website","url":"https:\/\/www.rivieradeifiori.it\/de\/","name":"Riviera dei Fiori","description":"Un mare di colori","potentialAction":[{"@type":"SearchAction","target":{"@type":"EntryPoint","urlTemplate":"https:\/\/www.rivieradeifiori.it\/de\/?s={search_term_string}"},"query-input":{"@type":"PropertyValueSpecification","valueRequired":true,"valueName":"search_term_string"}}],"inLanguage":"de"}]}},"_links":{"self":[{"href":"https:\/\/www.rivieradeifiori.it\/de\/wp-json\/wp\/v2\/pages\/17384","targetHints":{"allow":["GET"]}}],"collection":[{"href":"https:\/\/www.rivieradeifiori.it\/de\/wp-json\/wp\/v2\/pages"}],"about":[{"href":"https:\/\/www.rivieradeifiori.it\/de\/wp-json\/wp\/v2\/types\/page"}],"author":[{"embeddable":true,"href":"https:\/\/www.rivieradeifiori.it\/de\/wp-json\/wp\/v2\/users\/1"}],"replies":[{"embeddable":true,"href":"https:\/\/www.rivieradeifiori.it\/de\/wp-json\/wp\/v2\/comments?post=17384"}],"version-history":[{"count":4,"href":"https:\/\/www.rivieradeifiori.it\/de\/wp-json\/wp\/v2\/pages\/17384\/revisions"}],"predecessor-version":[{"id":17389,"href":"https:\/\/www.rivieradeifiori.it\/de\/wp-json\/wp\/v2\/pages\/17384\/revisions\/17389"}],"wp:attachment":[{"href":"https:\/\/www.rivieradeifiori.it\/de\/wp-json\/wp\/v2\/media?parent=17384"}],"curies":[{"name":"wp","href":"https:\/\/api.w.org\/{rel}","templated":true}]}}