{"id":15673,"date":"2022-06-09T01:14:08","date_gmt":"2022-06-08T23:14:08","guid":{"rendered":"https:\/\/www.rivieradeifiori.it\/haefen\/"},"modified":"2022-06-09T01:35:58","modified_gmt":"2022-06-08T23:35:58","slug":"haefen","status":"publish","type":"page","link":"https:\/\/www.rivieradeifiori.it\/de\/haefen\/","title":{"rendered":"H\u00e4fen"},"content":{"rendered":"<p>[et_pb_section fb_built=&#8221;1&#8243; theme_builder_area=&#8221;post_content&#8221; _builder_version=&#8221;4.17.4&#8243; _module_preset=&#8221;default&#8221; custom_padding=&#8221;5px|||||&#8221; custom_margin=&#8221;-24px|||||&#8221;][et_pb_row _builder_version=&#8221;4.17.4&#8243; _module_preset=&#8221;default&#8221; theme_builder_area=&#8221;post_content&#8221;][et_pb_column _builder_version=&#8221;4.17.4&#8243; _module_preset=&#8221;default&#8221; type=&#8221;4_4&#8243; theme_builder_area=&#8221;post_content&#8221;][et_pb_gallery _builder_version=&#8221;4.17.4&#8243; _module_preset=&#8221;default&#8221; theme_builder_area=&#8221;post_content&#8221; gallery_ids=&#8221;12331,12327&#8243; hover_enabled=&#8221;0&#8243; sticky_enabled=&#8221;0&#8243; show_pagination=&#8221;off&#8221; show_title_and_caption=&#8221;off&#8221; text_orientation=&#8221;center&#8221; title_text_align=&#8221;center&#8221;][\/et_pb_gallery][\/et_pb_column][\/et_pb_row][et_pb_row _builder_version=&#8221;4.17.4&#8243; _module_preset=&#8221;default&#8221; theme_builder_area=&#8221;post_content&#8221; column_structure=&#8221;1_2,1_2&#8243; hover_enabled=&#8221;0&#8243; sticky_enabled=&#8221;0&#8243;][et_pb_column _builder_version=&#8221;4.17.4&#8243; _module_preset=&#8221;default&#8221; type=&#8221;1_2&#8243; theme_builder_area=&#8221;post_content&#8221; custom_padding=&#8221;|10px|||false|false&#8221; hover_enabled=&#8221;0&#8243; sticky_enabled=&#8221;0&#8243;][et_pb_blurb title=&#8221;Porto Cala del Forte (B6)&#8221; image=&#8221;https:\/\/www.rivieradeifiori.it\/wp-content\/uploads\/2022\/05\/Cala-del-Forte_render-scaled-1.jpg&#8221; _builder_version=&#8221;4.17.4&#8243; _module_preset=&#8221;default&#8221; theme_builder_area=&#8221;post_content&#8221; title_text=&#8221;Porto Cala del Forte &#8211; Ventimiglia&#8221; hover_enabled=&#8221;0&#8243; sticky_enabled=&#8221;0&#8243; image_icon_width=&#8221;70%&#8221;]<\/p>\n<p style=\"text-align: center;\"><strong><a href=\"http:\/\/www.caladelforte-ventimiglia.it\" target=\"_blank\" rel=\"noopener noreferrer\">www.caladelforte-ventimiglia.it<\/a><\/strong><\/p>\n<p style=\"text-align: left;\"><strong>Dienstleistungen<\/strong>: Treibstoff, Wasser, Strom, Toiletten, Duschen, Feuerl\u00f6schdienst, Wetterdienst, Liegepl\u00e4tze, Bewachung, Taucher, Bars, Restaurants und Gesch\u00e4fte.<br \/><strong>Adresse<\/strong>: Passeggiata Marconi 13 &#8211; Ventimiglia (IM)<br \/><strong>Koordinaten<\/strong>: 43\u00b0 47&#8242; 18&#8221; N &#8211; 7\u00b0 36&#8242; 14&#8221; E<br \/><strong>Liegepl\u00e4tze<\/strong>: 323<br \/><strong>Tiefgang<\/strong>: 0,5 bis 4 m<br \/><strong>VHF<\/strong>: Kanal\/Kanal 16<br \/><strong>Tel<\/strong>: +39 0184 33109<br \/><strong>E-Mail<\/strong>: info@caladelforte-ventimiglia.it<\/p>\n<p>[\/et_pb_blurb][\/et_pb_column][et_pb_column _builder_version=&#8221;4.17.4&#8243; _module_preset=&#8221;default&#8221; type=&#8221;1_2&#8243; theme_builder_area=&#8221;post_content&#8221;][et_pb_blurb title=&#8221;Hafen von Bordighera (C6)&#8221; image=&#8221;https:\/\/www.rivieradeifiori.it\/wp-content\/uploads\/2022\/05\/Bordighera_porto.jpg&#8221; _builder_version=&#8221;4.17.4&#8243; _module_preset=&#8221;default&#8221; theme_builder_area=&#8221;post_content&#8221; title_text=&#8221;Porto di Bordighera&#8221; module_alignment=&#8221;center&#8221; hover_enabled=&#8221;0&#8243; sticky_enabled=&#8221;0&#8243; image_icon_width=&#8221;70%&#8221;]<\/p>\n<p><strong>Einrichtungen<\/strong>: Wasser, Strom, Toiletten, Duschen, Slipanlage\/Startrampe, Wetterdienst (derzeit in Reparatur). Private Dienstleistungen: Schleppen\/Starten von Kr\u00e4nen, Motorreparatur, elektrische Reparaturen, Taucher.<br \/><strong>Treibstoff<\/strong>: etwa 250 Meter vom Hafen entfernt &#8211;<br \/><strong>Verbote<\/strong>: Zugang zu Einheiten, die l\u00e4nger als 16 Meter sind<br \/><strong>Wo<\/strong>: via Marinai d&#8217;Italia, 18012 Bordighera &#8211; Koordinaten 43\u00b0 46&#8242; 47&#8221; N &#8211; 7\u00b0 40&#8242; 33&#8221; E<br \/><strong>Liegepl\u00e4tze<\/strong>: 233, davon 21 Berufsfischerei<br \/><strong>Tiefgang<\/strong>: 2,5 m (M\u00fcndung), derzeit teilweise verschlammt mit einem Minimum von weniger als 1,50 M rechts und links 1,9 &#8211; 4 M (innen)<br \/><strong>UKW:<\/strong> Kanal 16 (wird derzeit gewartet)<br \/><strong>Tel.<\/strong>: B\u00fcro des Hafenmeisters\/Strandb\u00fcro 0184 265656<\/p>\n<p>[\/et_pb_blurb][\/et_pb_column][\/et_pb_row][et_pb_row _builder_version=&#8221;4.17.4&#8243; _module_preset=&#8221;default&#8221; theme_builder_area=&#8221;post_content&#8221; column_structure=&#8221;1_2,1_2&#8243; hover_enabled=&#8221;0&#8243; sticky_enabled=&#8221;0&#8243;][et_pb_column _builder_version=&#8221;4.17.4&#8243; _module_preset=&#8221;default&#8221; type=&#8221;1_2&#8243; theme_builder_area=&#8221;post_content&#8221; custom_padding=&#8221;|10px|||false|false&#8221; hover_enabled=&#8221;0&#8243; sticky_enabled=&#8221;0&#8243;][et_pb_blurb title=&#8221;Porto Pubblico Di Sanremo (D6)&#8221; image=&#8221;https:\/\/www.rivieradeifiori.it\/wp-content\/uploads\/2022\/05\/Porto_Pubblico_Guida.jpg&#8221; _builder_version=&#8221;4.17.4&#8243; _module_preset=&#8221;default&#8221; theme_builder_area=&#8221;post_content&#8221; title_text=&#8221;Porto Pubblico Sanremo &#8211; Sanremo&#8221; hover_enabled=&#8221;0&#8243; sticky_enabled=&#8221;0&#8243; image_icon_width=&#8221;70%&#8221;]<\/p>\n<p><strong>Dienstleistungen<\/strong>: Wasser, Strom, Slipanlage, Slipwaage, Kran, Toiletten, Feuerwehr, Maschinenreparatur, elektrische Reparaturen, Wetterdienst.<br \/><strong>Adresse<\/strong>: Corso Nazario Sauro snc &#8211; 18038 Sanremo (IM)<br \/><strong>Koordinaten<\/strong>: 43\u00b0 48&#8242; 56&#8221; N &#8211; 7\u00b0 46&#8242; 54&#8221; E<br \/><strong>Liegepl\u00e4tze<\/strong>: 450<br \/><strong>Tiefgang<\/strong>: 2m bis 4,5m<br \/><strong>UKW<\/strong>: 16 &#8211; 14<br \/><strong>Tel<\/strong>: +39 0184 505531<\/p>\n<p>[\/et_pb_blurb][\/et_pb_column][et_pb_column _builder_version=&#8221;4.17.4&#8243; _module_preset=&#8221;default&#8221; type=&#8221;1_2&#8243; theme_builder_area=&#8221;post_content&#8221;][et_pb_blurb title=&#8221;Yachthafen Portosole (D6)&#8221; image=&#8221;https:\/\/www.rivieradeifiori.it\/wp-content\/uploads\/2022\/05\/PortoSole_OK_Guida.jpg&#8221; _builder_version=&#8221;4.17.4&#8243; _module_preset=&#8221;default&#8221; theme_builder_area=&#8221;post_content&#8221; title_text=&#8221;Marina di Portosole &#8211; Sanremo&#8221; module_alignment=&#8221;center&#8221; hover_enabled=&#8221;0&#8243; sticky_enabled=&#8221;0&#8243; image_icon_width=&#8221;70%&#8221;]<\/p>\n<p style=\"text-align: center;\"><strong><a href=\"http:\/\/www.portosolesanremo.it\" target=\"_blank\" rel=\"noopener noreferrer\">www.portosolesanremo.it<\/a><\/strong><\/p>\n<p style=\"text-align: left;\"><strong>Dienstleistungen<\/strong>: Treibstoff, Wasser, Strom, Slipanlage, Kran, Fahrstuhl, Toiletten, Duschen, Feuerwehr, Motorreparaturen, elektrische Reparaturen, Wetterdienste, Liegepl\u00e4tze, Bewachung, Taucher, Bars, Restaurants, Gesch\u00e4fte, Wifi, W\u00e4scherei, Parkplatz, Fahrradzugang, Bootswerft.<br \/><strong>Adresse<\/strong>: Via Del Castillo Nr. 17 &#8211; 18038 Sanremo (IM)<br \/><strong>Koordinaten<\/strong>: 43\u00b0 49&#8242; 07&#8221; N &#8211; 07\u00b0 47&#8242; 22&#8221; E<br \/><strong>Liegepl\u00e4tze<\/strong>: 776<br \/><strong>Maximale L\u00e4nge<\/strong>: 90 m.<br \/><strong>Tiefgang<\/strong>: 2,50 m bis 7 m.<br \/><strong>VHF<\/strong>: Kanal\/Kanal 9<br \/><strong>Tel<\/strong> +39 0184.5371 | <strong>Fax<\/strong> +39 0184.537411<br \/><strong>E-Mail<\/strong>: info@portosolesanremo.it<\/p>\n<p>[\/et_pb_blurb][\/et_pb_column][\/et_pb_row][et_pb_row _builder_version=&#8221;4.17.4&#8243; _module_preset=&#8221;default&#8221; theme_builder_area=&#8221;post_content&#8221; column_structure=&#8221;1_2,1_2&#8243; hover_enabled=&#8221;0&#8243; sticky_enabled=&#8221;0&#8243;][et_pb_column _builder_version=&#8221;4.17.4&#8243; _module_preset=&#8221;default&#8221; type=&#8221;1_2&#8243; theme_builder_area=&#8221;post_content&#8221; custom_padding=&#8221;|10px|||false|false&#8221; hover_enabled=&#8221;0&#8243; sticky_enabled=&#8221;0&#8243;][et_pb_blurb title=&#8221;Marina degli Aregai (E5)&#8221; image=&#8221;https:\/\/www.rivieradeifiori.it\/wp-content\/uploads\/2022\/05\/Marina_deglil_Aregai-scaled-1.jpg&#8221; _builder_version=&#8221;4.17.4&#8243; _module_preset=&#8221;default&#8221; theme_builder_area=&#8221;post_content&#8221; title_text=&#8221;Marina degli Aregai &#8211; Santo Stefano al Mare&#8221; hover_enabled=&#8221;0&#8243; sticky_enabled=&#8221;0&#8243; image_icon_width=&#8221;70%&#8221;]<\/p>\n<p style=\"text-align: center;\"><strong><a href=\"http:\/\/www.marinadegliaregai.it\">www.marinadegliaregai.it<\/a><\/strong><\/p>\n<p><strong>Dienstleistungen<\/strong>: Treibstoff, Wasser, Elektrizit\u00e4t, Slipanlage, Kran, Fahrstuhl, Toiletten, Duschen, Feuerwehr, Maschinenreparatur, elektrische Reparaturen, Wetterdienst, Liegepl\u00e4tze, Wachen, Taucher, Bars, Restaurants, Gesch\u00e4fte, Wifi, Schule<br \/>Segeln, Tauchen, Parkplatz, Zugang zum Radweg.<br \/><strong>Adresse<\/strong>: Anschrift: Via Gianni Cozzi n. 1 &#8211; 18010 Santo Stefano Al Mare (IM)<br \/><strong>Koordinaten<\/strong>: 43\u00b0 50&#8242; 35&#8221; N &#8211; 7\u00b0 55&#8242; 00&#8221; E<br \/><strong>Liegepl\u00e4tze<\/strong>: 980 Maximale L\u00e4nge: 50 m. &#8211; Tiefgang: 2m bis 5m<br \/><strong>VHF<\/strong>: Kanal 9<br \/><strong>Tel<\/strong>: +39 0184.4891 | <strong>Fax<\/strong> +39 0184.489200<br \/><strong>E-Mail<\/strong>: reception@marinadegliaregai.it<\/p>\n<p>[\/et_pb_blurb][\/et_pb_column][et_pb_column _builder_version=&#8221;4.17.4&#8243; _module_preset=&#8221;default&#8221; type=&#8221;1_2&#8243; theme_builder_area=&#8221;post_content&#8221;][et_pb_blurb title=&#8221;Hafen von San Lorenzo (F5)&#8221; image=&#8221;https:\/\/www.rivieradeifiori.it\/wp-content\/uploads\/2022\/05\/Marina_San_Lorenzo.jpg&#8221; _builder_version=&#8221;4.17.4&#8243; _module_preset=&#8221;default&#8221; theme_builder_area=&#8221;post_content&#8221; title_text=&#8221;Marina San Lorenzo&#8221; module_alignment=&#8221;center&#8221; hover_enabled=&#8221;0&#8243; sticky_enabled=&#8221;0&#8243; image_icon_width=&#8221;70%&#8221;]<\/p>\n<p style=\"text-align: center;\"><strong><a href=\"http:\/\/www.marinadisanlorenzo.it\" target=\"_blank\" rel=\"noopener noreferrer\">www.marinadisanlorenzo.it<\/a><\/strong><\/p>\n<p style=\"text-align: left;\"><strong>Dienstleistungen<\/strong>: Wasser, Strom, Slipanlage, Fahrstuhl, Toiletten, Duschen, Feuerwehr, Maschinenreparatur, elektrische Reparaturen, Wetterdienst, Liegepl\u00e4tze, Bewachung, Taucher, Hotel, SPA, Bar, Restaurant, Wifi, Fahrradzugang, Bootswerft.<br \/><strong>Adresse<\/strong>: \u00dcber Aurelia Nr. 3 &#8211; 18017 San Lorenzo al Mare (IM)<br \/><strong>Koordinaten<\/strong>: 43\u00b0 51&#8242; 39&#8243; N &#8211; 7\u00b0 58&#8242; 23&#8243; E<br \/><strong>Liegepl\u00e4tze<\/strong>: 365 Maximale L\u00e4nge: 20 m. &#8211; Tiefgang: 2 m bis 3 m<br \/><strong>VHF<\/strong>: Kanal\/Kanal 9<br \/><strong>Tel<\/strong> +39 0183.9352 | <strong>Fax<\/strong> +39 0183.931418<br \/><strong>E-Mail<\/strong>: reception@marinadisanlorenzo.it<\/p>\n<p>[\/et_pb_blurb][\/et_pb_column][\/et_pb_row][et_pb_row _builder_version=&#8221;4.17.4&#8243; _module_preset=&#8221;default&#8221; theme_builder_area=&#8221;post_content&#8221; column_structure=&#8221;1_2,1_2&#8243; hover_enabled=&#8221;0&#8243; sticky_enabled=&#8221;0&#8243;][et_pb_column _builder_version=&#8221;4.17.4&#8243; _module_preset=&#8221;default&#8221; type=&#8221;1_2&#8243; theme_builder_area=&#8221;post_content&#8221; custom_padding=&#8221;|10px|||false|false&#8221; hover_enabled=&#8221;0&#8243; sticky_enabled=&#8221;0&#8243;][et_pb_blurb title=&#8221;Hafen von Imperia (F5)&#8221; image=&#8221;https:\/\/www.rivieradeifiori.it\/wp-content\/uploads\/2022\/05\/Porto-Imperia.jpg&#8221; _builder_version=&#8221;4.17.4&#8243; _module_preset=&#8221;default&#8221; theme_builder_area=&#8221;post_content&#8221; title_text=&#8221;Porto Imperia&#8221; hover_enabled=&#8221;0&#8243; sticky_enabled=&#8221;0&#8243; image_icon_width=&#8221;70%&#8221;]<\/p>\n<p style=\"text-align: center;\"><a href=\"http:\/\/www.goimperia.it\" target=\"_blank\" rel=\"noopener noreferrer\"><strong>www.goimperia.it<\/strong><\/a><\/p>\n<p><strong>Dienstleistungen<\/strong>: Treibstoff, Wasser, Strom, Slipanlage, Kran, Fahrstuhl, Toiletten, Duschen, Feuerwehr, Maschinenreparaturen, elektrische Reparaturen, Wetterdienste, Liegepl\u00e4tze, Bewachung, Taucher, Bars, Restaurants, Gesch\u00e4fte, Wifi, Parkpl\u00e4tze.<br \/><strong>Anschrift<\/strong>: Via San Lazzaro &#8211; 18100 Imperia<br \/><strong>Koordinaten<\/strong>: 43\u00b0 52&#8242; 39&#8221; N &#8211; 8\u00b0 1&#8242; 27&#8221; E<br \/><strong>Liegepl\u00e4tze<\/strong>: 1300 &#8211; Tiefgang: 1,5 bis 6 m<br \/><strong>VHF<\/strong>: Kanal\/Kanal 9<br \/><strong>Tel<\/strong>: +39 0183 62679<br \/><strong>E-Mail<\/strong>: reception@goimperia.it<\/p>\n<p>[\/et_pb_blurb][\/et_pb_column][et_pb_column _builder_version=&#8221;4.17.4&#8243; _module_preset=&#8221;default&#8221; type=&#8221;1_2&#8243; theme_builder_area=&#8221;post_content&#8221;][et_pb_blurb title=&#8221;Hafen Diano Marina (G4)&#8221; image=&#8221;https:\/\/www.rivieradeifiori.it\/wp-content\/uploads\/2022\/05\/Porto_Diano.jpg&#8221; _builder_version=&#8221;4.17.4&#8243; _module_preset=&#8221;default&#8221; theme_builder_area=&#8221;post_content&#8221; title_text=&#8221;Porto Diano Marina \u00a9Marco Muriella Archivio Gestioni Municipali SpA&#8221; module_alignment=&#8221;center&#8221; hover_enabled=&#8221;0&#8243; sticky_enabled=&#8221;0&#8243; image_icon_width=&#8221;70%&#8221;]<\/p>\n<p style=\"text-align: left;\"><strong style=\"text-align: left;\">Dienstleistungen<\/strong><span style=\"text-align: left;\">: Wasser, Strom, Helling, Kr\u00e4ne, Toiletten, Duschen, Feuerwehr, Motorreparaturen, elektrische Reparaturen, Wetterdienst, Anlegen, Beobachten, Taucher.<\/span><span style=\"{wpml_trans_unit_15_0_0_1_-1_0}\"><br \/>Adresse<\/span><strong>: Corso Giuseppe Garibaldi, 2, 18013 Diano Marina (IM)<\/strong><br \/><strong>Koordinaten<\/strong>: 43\u00b0 54&#8242; 35&#8221; N &#8211; 8\u00b0 5&#8242; 10&#8221; E<br \/><strong>Liegepl\u00e4tze<\/strong>: 250 &#8211; Tiefgang: 1,5 bis 2,5 m<br \/><strong>VHF<\/strong>: Kanal\/Kanal 16<br \/><strong>Tel<\/strong>: +39 0183-753024<br \/><strong>E-Mail<\/strong>: porto@gestionimunicipali.com<\/p>\n<p>[\/et_pb_blurb][\/et_pb_column][\/et_pb_row][et_pb_row _builder_version=&#8221;4.17.4&#8243; _module_preset=&#8221;default&#8221; theme_builder_area=&#8221;post_content&#8221; column_structure=&#8221;1_2,1_2&#8243; hover_enabled=&#8221;0&#8243; sticky_enabled=&#8221;0&#8243;][et_pb_column _builder_version=&#8221;4.17.4&#8243; _module_preset=&#8221;default&#8221; type=&#8221;1_2&#8243; theme_builder_area=&#8221;post_content&#8221; custom_padding=&#8221;|10px|||false|false&#8221; hover_enabled=&#8221;0&#8243; sticky_enabled=&#8221;0&#8243;][et_pb_blurb title=&#8221;Porto Di San Bartolomeo (G4)&#8221; image=&#8221;https:\/\/www.rivieradeifiori.it\/wp-content\/uploads\/2022\/05\/Porto_San_Bartolomeo.jpg&#8221; _builder_version=&#8221;4.17.4&#8243; _module_preset=&#8221;default&#8221; theme_builder_area=&#8221;post_content&#8221; title_text=&#8221;Porto San Bartolomeo al Mare \u00a9Stefano De Lorenzi (Foto Principe Diano)&#8221; hover_enabled=&#8221;0&#8243; sticky_enabled=&#8221;0&#8243; image_icon_width=&#8221;70%&#8221;]<\/p>\n<p style=\"text-align: center;\"><a href=\"http:\/\/www.sanbart.it\" target=\"_blank\" rel=\"noopener noreferrer\">www.sanbart.it<\/a><\/p>\n<p style=\"text-align: left;\"><strong>Dienstleistungen<\/strong>: Wasser, Strom, Toiletten, Duschen, Feuerl\u00f6schdienste, Wetterdienste, Liegepl\u00e4tze, Wachen, Taucher.<br \/><strong>Adresse<\/strong>: Via XX Settembre 1 &#8211; San Bartolomeo al mare (IM)<br \/><strong>Koordinaten<\/strong>: 43\u00b0 55&#8242; 12&#8221; N &#8211; 8\u00b0 6&#8242; 23&#8221; E<br \/><strong>Liegepl\u00e4tze<\/strong>: 173 &#8211; Tiefgang: 1,20 bis 3,20 m<br \/><strong>VHF<\/strong>: Kanal\/Kanal 9<br \/><strong>Tel<\/strong>: +39 0183 408089<br \/><strong>E-Mail<\/strong>: pna@sermarsm.it<\/p>\n<p>[\/et_pb_blurb][\/et_pb_column][et_pb_column _builder_version=&#8221;4.17.4&#8243; _module_preset=&#8221;default&#8221; type=&#8221;1_2&#8243; theme_builder_area=&#8221;post_content&#8221;][\/et_pb_column][\/et_pb_row][\/et_pb_section]<\/p>\n","protected":false},"excerpt":{"rendered":"<p>www.caladelforte-ventimiglia.it Dienstleistungen: Treibstoff, Wasser, Strom, Toiletten, Duschen, Feuerl\u00f6schdienst, Wetterdienst, Liegepl\u00e4tze, Bewachung, Taucher, Bars, Restaurants und Gesch\u00e4fte.Adresse: Passeggiata Marconi 13 &#8211; Ventimiglia (IM)Koordinaten: 43\u00b0 47&#8242; 18&#8221; N &#8211; 7\u00b0 36&#8242; 14&#8221; ELiegepl\u00e4tze: 323Tiefgang: 0,5 bis 4 mVHF: Kanal\/Kanal 16Tel: +39 0184 33109E-Mail: info@caladelforte-ventimiglia.itEinrichtungen: Wasser, Strom, Toiletten, Duschen, Slipanlage\/Startrampe, Wetterdienst (derzeit in Reparatur). Private Dienstleistungen: Schleppen\/Starten von [&hellip;]<\/p>\n","protected":false},"author":1,"featured_media":0,"parent":0,"menu_order":0,"comment_status":"closed","ping_status":"closed","template":"","meta":{"_et_pb_use_builder":"on","_et_pb_old_content":"","_et_gb_content_width":"","_eb_attr":"","_vp_format_video_url":"","_vp_image_focal_point":[],"_vp_custom_popup_image":0,"_vp_format_audio_url":"","_vp_custom_thumbnail":0,"_vp_custom_thumbnail_focal_point":[],"_vp_hover_thumbnail":0,"_vp_hover_thumbnail_focal_point":[],"footnotes":""},"class_list":["post-15673","page","type-page","status-publish","hentry"],"yoast_head":"<!-- This site is optimized with the Yoast SEO plugin v25.7 - https:\/\/yoast.com\/wordpress\/plugins\/seo\/ -->\n<title>H\u00e4fen - Riviera dei Fiori<\/title>\n<meta name=\"robots\" content=\"index, follow, max-snippet:-1, max-image-preview:large, max-video-preview:-1\" \/>\n<link rel=\"canonical\" href=\"https:\/\/www.rivieradeifiori.it\/de\/haefen\/\" \/>\n<meta name=\"twitter:label1\" content=\"Gesch\u00e4tzte Lesezeit\" \/>\n\t<meta name=\"twitter:data1\" content=\"7\u00a0Minuten\" \/>\n<script type=\"application\/ld+json\" class=\"yoast-schema-graph\">{\"@context\":\"https:\/\/schema.org\",\"@graph\":[{\"@type\":\"WebPage\",\"@id\":\"https:\/\/www.rivieradeifiori.it\/de\/haefen\/\",\"url\":\"https:\/\/www.rivieradeifiori.it\/de\/haefen\/\",\"name\":\"H\u00e4fen - Riviera dei Fiori\",\"isPartOf\":{\"@id\":\"https:\/\/www.rivieradeifiori.it\/de\/#website\"},\"datePublished\":\"2022-06-08T23:14:08+00:00\",\"dateModified\":\"2022-06-08T23:35:58+00:00\",\"breadcrumb\":{\"@id\":\"https:\/\/www.rivieradeifiori.it\/de\/haefen\/#breadcrumb\"},\"inLanguage\":\"de\",\"potentialAction\":[{\"@type\":\"ReadAction\",\"target\":[\"https:\/\/www.rivieradeifiori.it\/de\/haefen\/\"]}]},{\"@type\":\"BreadcrumbList\",\"@id\":\"https:\/\/www.rivieradeifiori.it\/de\/haefen\/#breadcrumb\",\"itemListElement\":[{\"@type\":\"ListItem\",\"position\":1,\"name\":\"Home\",\"item\":\"https:\/\/www.rivieradeifiori.it\/de\/\"},{\"@type\":\"ListItem\",\"position\":2,\"name\":\"H\u00e4fen\"}]},{\"@type\":\"WebSite\",\"@id\":\"https:\/\/www.rivieradeifiori.it\/de\/#website\",\"url\":\"https:\/\/www.rivieradeifiori.it\/de\/\",\"name\":\"Riviera dei Fiori\",\"description\":\"Un mare di colori\",\"potentialAction\":[{\"@type\":\"SearchAction\",\"target\":{\"@type\":\"EntryPoint\",\"urlTemplate\":\"https:\/\/www.rivieradeifiori.it\/de\/?s={search_term_string}\"},\"query-input\":{\"@type\":\"PropertyValueSpecification\",\"valueRequired\":true,\"valueName\":\"search_term_string\"}}],\"inLanguage\":\"de\"}]}<\/script>\n<!-- \/ Yoast SEO plugin. -->","yoast_head_json":{"title":"H\u00e4fen - Riviera dei Fiori","robots":{"index":"index","follow":"follow","max-snippet":"max-snippet:-1","max-image-preview":"max-image-preview:large","max-video-preview":"max-video-preview:-1"},"canonical":"https:\/\/www.rivieradeifiori.it\/de\/haefen\/","twitter_misc":{"Gesch\u00e4tzte Lesezeit":"7\u00a0Minuten"},"schema":{"@context":"https:\/\/schema.org","@graph":[{"@type":"WebPage","@id":"https:\/\/www.rivieradeifiori.it\/de\/haefen\/","url":"https:\/\/www.rivieradeifiori.it\/de\/haefen\/","name":"H\u00e4fen - Riviera dei Fiori","isPartOf":{"@id":"https:\/\/www.rivieradeifiori.it\/de\/#website"},"datePublished":"2022-06-08T23:14:08+00:00","dateModified":"2022-06-08T23:35:58+00:00","breadcrumb":{"@id":"https:\/\/www.rivieradeifiori.it\/de\/haefen\/#breadcrumb"},"inLanguage":"de","potentialAction":[{"@type":"ReadAction","target":["https:\/\/www.rivieradeifiori.it\/de\/haefen\/"]}]},{"@type":"BreadcrumbList","@id":"https:\/\/www.rivieradeifiori.it\/de\/haefen\/#breadcrumb","itemListElement":[{"@type":"ListItem","position":1,"name":"Home","item":"https:\/\/www.rivieradeifiori.it\/de\/"},{"@type":"ListItem","position":2,"name":"H\u00e4fen"}]},{"@type":"WebSite","@id":"https:\/\/www.rivieradeifiori.it\/de\/#website","url":"https:\/\/www.rivieradeifiori.it\/de\/","name":"Riviera dei Fiori","description":"Un mare di colori","potentialAction":[{"@type":"SearchAction","target":{"@type":"EntryPoint","urlTemplate":"https:\/\/www.rivieradeifiori.it\/de\/?s={search_term_string}"},"query-input":{"@type":"PropertyValueSpecification","valueRequired":true,"valueName":"search_term_string"}}],"inLanguage":"de"}]}},"_links":{"self":[{"href":"https:\/\/www.rivieradeifiori.it\/de\/wp-json\/wp\/v2\/pages\/15673","targetHints":{"allow":["GET"]}}],"collection":[{"href":"https:\/\/www.rivieradeifiori.it\/de\/wp-json\/wp\/v2\/pages"}],"about":[{"href":"https:\/\/www.rivieradeifiori.it\/de\/wp-json\/wp\/v2\/types\/page"}],"author":[{"embeddable":true,"href":"https:\/\/www.rivieradeifiori.it\/de\/wp-json\/wp\/v2\/users\/1"}],"replies":[{"embeddable":true,"href":"https:\/\/www.rivieradeifiori.it\/de\/wp-json\/wp\/v2\/comments?post=15673"}],"version-history":[{"count":3,"href":"https:\/\/www.rivieradeifiori.it\/de\/wp-json\/wp\/v2\/pages\/15673\/revisions"}],"predecessor-version":[{"id":15676,"href":"https:\/\/www.rivieradeifiori.it\/de\/wp-json\/wp\/v2\/pages\/15673\/revisions\/15676"}],"wp:attachment":[{"href":"https:\/\/www.rivieradeifiori.it\/de\/wp-json\/wp\/v2\/media?parent=15673"}],"curies":[{"name":"wp","href":"https:\/\/api.w.org\/{rel}","templated":true}]}}